{"id":522,"date":"2021-03-15T15:20:40","date_gmt":"2021-03-15T14:20:40","guid":{"rendered":"https:\/\/www.goldschmiede-biedermann.de\/shop\/agb\/"},"modified":"2021-11-23T15:26:08","modified_gmt":"2021-11-23T14:26:08","slug":"agb","status":"publish","type":"page","link":"https:\/\/www.goldschmiede-biedermann.de\/shop\/agb\/","title":{"rendered":"AGB"},"content":{"rendered":"<div class=\"fusion-fullwidth fullwidth-box fusion-builder-row-1 nonhundred-percent-fullwidth non-hundred-percent-height-scrolling\" style=\"--awb-border-radius-top-left:0px;--awb-border-radius-top-right:0px;--awb-border-radius-bottom-right:0px;--awb-border-radius-bottom-left:0px;--awb-padding-top:80px;--awb-padding-bottom:40px;--awb-flex-wrap:wrap;\" ><div class=\"fusion-builder-row fusion-row\"><div class=\"fusion-layout-column fusion_builder_column fusion-builder-column-0 fusion_builder_column_1_1 1_1 fusion-one-full fusion-column-first fusion-column-last\" style=\"--awb-bg-size:cover;\"><div class=\"fusion-column-wrapper fusion-column-has-shadow fusion-flex-column-wrapper-legacy\"><div class=\"fusion-title title fusion-title-1 fusion-sep-none fusion-title-center fusion-title-text fusion-title-size-one\" style=\"--awb-margin-bottom:10px;--awb-margin-top-small:0px;--awb-margin-right-small:0px;--awb-margin-bottom-small:10px;--awb-margin-left-small:0px;\"><h1 class=\"fusion-title-heading title-heading-center fusion-responsive-typography-calculated\" style=\"margin:0;--fontSize:50;line-height:1.2;\">AGB<\/h1><\/div><div class=\"fusion-text fusion-text-1\" style=\"--awb-content-alignment:center;--awb-text-transform:none;\"><p>Allgemeine Gesch\u00e4ftsbedingungen f\u00fcr den Onlineshop<br \/>\nwww.goldschmiede-biedermann.de<\/p>\n<\/div><div class=\"fusion-text fusion-text-2\" style=\"--awb-text-transform:none;\"><p style=\"text-align: left;\">Die nachfolgenden AGB gelten ausschlie\u00dflich f\u00fcr die Bestellung und Zusendung von Waren, die der Kunde im Internet per Onlineshopping bestellt. F\u00fcr alle mit dem Unternehmen abzuschlie\u00dfenden\/abgeschlossenen erstmaligen, laufenden und k\u00fcnftigen Gesch\u00e4fte gelten ausschlie\u00dflich die nachfolgenden Bedingungen. Das Unternehmen erkennt von den vorliegenden Allgemeinen Gesch\u00e4ftsbedingungen abweichende Bedingungen des Auft raggebers nicht an. Diese werden selbst dann nicht Vertragsbestandteil, wenn das Unternehmen ihnen nicht ausdr\u00fccklich widerspricht. Mit der Erteilung des Auftrages wird die ausschlie\u00dfliche G\u00fcltigkeit dieser Gesch\u00e4ftsbedingungen durch den Kunden anerkannt.<\/p>\n<p style=\"text-align: left;\"><strong>1. Vertragsschluss<\/strong><br \/>\nDie Darstellung der Produkte im Online-Shop stellt kein rechtlich bindendes Angebot, sondern einen unverbindlichen Online-Katalog dar. Nach Eingabe Ihrer pers\u00f6nlichen Daten und durch Anklicken des Buttons &#8222;Bestellung best\u00e4tigen&#8220; im abschlie\u00dfenden Schritt des Bestellprozesses geben Sie eine verbindliche Bestellung der im Warenkorb enthaltenen Waren ab. Die Best\u00e4tigung des Eingangs der Bestellung folgt unmittelbar nach dem Absenden der Bestellung. Der Kaufvertrag kommt mit unserer Auftragsbest\u00e4tigung oder Lieferung der Waren zustande. Eine Bestellung ist alternativ auch per Fax m\u00f6glich.<\/p>\n<p style=\"text-align: left;\"><strong>2. Vertragstext<\/strong><br \/>\nIhre Bestelldaten werden von uns gespeichert. Ihre Bestelldaten sind jederzeit im Kunden Login-Bereich auch nachtr\u00e4glich f\u00fcr Sie einsehbar. Einen entsprechenden Hinweis finden Sie auch in der Best\u00e4tigungsemail zum Eingang Ihrer Bestellung.<\/p>\n<p style=\"text-align: left;\"><strong>3. Widerrufsbelehrung<\/strong><br \/>\n<strong>Widerrufsrecht und Belehrung<\/strong><br \/>\nDas Widerrufsrecht gilt ausschlie\u00dflich f\u00fcr Verbraucher i.S.d. \u00a7 13 BGB.<\/p>\n<p style=\"text-align: left;\">Sie k\u00f6nnen Ihre Vertragserkl\u00e4rung innerhalb von 14 Tagen ohne Angabe von Gr\u00fcnden in Textform (z. B. Brief, Fax, E-Mail) oder \u2013 wenn Ihnen die Sache vor Fristablauf \u00fcberlassen wird \u2013 auch durch R\u00fccksendung der Sache widerrufen.<\/p>\n<p style=\"text-align: left;\">Die Frist beginnt mit dem Erhalt dieser Belehrung in Textform, jedoch nicht vor Eingang der Ware beim Empf\u00e4nger (bei der wiederkehrenden Lieferung gleichartiger Waren nicht vor Eingang der ersten Teillieferung) und auch nicht vor Erf\u00fcllung unserer Informationspflichten gem\u00e4\u00df Artikel 246 \u00a7 2 in Verbindung mit \u00a7 1 Absatz 1 und 2 EGBGB sowie unserer Pflichten gem\u00e4\u00df \u00a7 312g Abs. 1 Satz 1 BGB in Verbindung mit Artikel 246 \u00a7 3 EGBGB. Zur Wahrung der Widerrufsfrist gen\u00fcgt die rechtzeitige Absendung des Widerrufs oder der Sache.<\/p>\n<p style=\"text-align: left;\">Der Widerruf muss schriftlich erfolgen und ist zu richten an:<\/p>\n<p style=\"text-align: left;\">Goldschmiede Biedermann<br \/>\nHertigswalder Str. 2<br \/>\nD-01855 Sebnitz<\/p>\n<p style=\"text-align: left;\"><strong>Widerrufsfolgen<\/strong><br \/>\nIm Falle eines wirksamen Widerrufs sind die beiderseits empfangenen Leistungen zur\u00fcck zu gew\u00e4hren und ggf. gezogene Nutzungen (z.B. Zinsen) herauszugeben. K\u00f6nnen Sie uns die empfangene Leistung ganz oder teilweise nicht oder nur in verschlechtertem Zustand zur\u00fcck gew\u00e4hren, m\u00fcssen Sie uns insoweit ggf. Wertersatz leisten.<\/p>\n<p style=\"text-align: left;\">F\u00fcr die Verschlechterung der Sache und f\u00fcr gezogene Nutzungen m\u00fcssen Sie Wertersatz nur leisten, soweit die Nutzungen oder die Verschlechterung auf einen Umgang mit der Sache zur\u00fcckzuf\u00fchren ist, der \u00fcber die Pr\u00fcfung der Eigenschaften und der Funktionsweise hinausgeht. Unter \u201ePr\u00fcfung der Eigenschaften und der Funktionsweise\u201c versteht man das Testen und Ausprobieren der jeweiligen Ware, wie es etwa im Ladengesch\u00e4ft m\u00f6glich und \u00fcblich ist. Paketversandf\u00e4hige Sachen sind auf unsere Gefahr zur\u00fcckzusenden. Sie haben die regelm\u00e4\u00dfigen Kosten der R\u00fccksendung zu tragen, wenn die gelieferte Ware der bestellten entspricht und wenn der Preis der zur\u00fcckzusendenden Sache einen Betrag von 150,00 Euro nicht \u00fcbersteigt oder wenn Sie bei einem h\u00f6heren Preis der Sache zum Zeitpunkt des Widerrufs noch nicht die Gegenleistung oder eine vertraglich vereinbarte Teilzahlung erbracht haben. Andernfalls ist die R\u00fccksendung f\u00fcr Sie kostenfrei ( wir \u00fcbernehmen die R\u00fcksendekosten ab einem Warenwert von 150\u20ac -).<\/p>\n<p style=\"text-align: left;\">Verpflichtungen zur Erstattung von Zahlungen m\u00fcssen innerhalb von 30 Tagen erf\u00fcllt werden. Die Frist beginnt f\u00fcr Sie mit der Absendung Ihrer Widerrufserkl\u00e4rung oder der Sache, f\u00fcr uns mit deren Empfang.<\/p>\n<p style=\"text-align: left;\">Ende der Widerrufsbelehrung<\/p>\n<p style=\"text-align: left;\"><strong>4. Lieferung &amp; Verpackung<br \/>\n<\/strong>Sofern nicht anders vereinbart erfolgt die Lieferung ab Lager von Goldschmiede Biedermann. Die von der Firma Goldschmiede Biedermann genannten Fristen und Termine sind unverbindlich. Die Firma Goldschmiede Biedermann ist bem\u00fcht, die bestellte Ware schnellstm\u00f6glich an den Kunden zu liefern. Nimmt der Kunde die Ware trotz einer ihm gesetzten Frist von 10 Tagen nicht ab oder verweigert er die Annahme, so kann die Firma Goldschmiede Biedermann nach ihrer Wahl vom Vertrag zur\u00fccktreten.<\/p>\n<p style=\"text-align: left;\">Wir sind daran interessiert, keinen zus\u00e4tzlichen Verpackungsutensilien zu erwerben, der Umwelt zuliebe. Verpackungen, in den Ware bei uns angeliefert wird, wird wiederverwendet. Daher handeln wir \u00f6konomisch, den es spart sowohl Verpackungskosten, Geld und vermeidet zus\u00e4tzlich Abfall. Unsere Paketgr\u00f6\u00dfe ist nicht \u00fcberm\u00e4\u00dfig gro\u00df, da dadurch auch F\u00fcllstoff gespart werden kann. Das verwendete Verpackungsmaterial und F\u00fcllstoff wird paketgerecht notiert. Zudem bitten wir Sie, die uhrenspezifische Uhrenschachtel inklusive Garantieunterlagen aufzubewahren.<\/p>\n<p style=\"text-align: left;\"><strong>5. Eigentumsvorbehalt<\/strong><br \/>\nDie Firma Goldschmiede Biedermann beh\u00e4lt sich das Eigentum an der gekauften Ware vor, bis der Kunde den Kaufpreis f\u00fcr die Waren, sowie alle \u00fcbrigen Waren aus der Bestellung vollst\u00e4ndig beglichen hat.<\/p>\n<p style=\"text-align: left;\"><strong>6. Aufrechnung<\/strong><br \/>\nDer Kunde kann nur mit solchen Forderungen aufrechnen, die rechtskr\u00e4ftig festgestellt oder von der Firma Goldschmiede Biedermann nicht bestritten sind. Ein Zur\u00fcckbehaltungsrecht steht dem Kunden nur wegen Anspr\u00fcchen aus demselben Vertragsverh\u00e4ltnis zu.<\/p>\n<p style=\"text-align: left;\"><strong>7. Verzug<\/strong><br \/>\nIst der Kunde mit seinen Zahlungen in Verzug, werden auf die ausstehenden Betr\u00e4ge Zinsen in H\u00f6he von 3% \u00fcber dem Basiszinssatz der Europ\u00e4ischen Zentralbank berechnet. Dem Kunden bleibt insoweit der Nachweis vorbehalten, dass der Firma Goldschmiede Biedermann ein geringer oder gar kein Schaden entstanden ist. Die Firma Goldschmiede Biedermann beh\u00e4lt sich die Geltendmachung weitergehender Anspr\u00fcche ausdr\u00fccklich vor.<\/p>\n<p style=\"text-align: left;\"><strong>8. Zahlung<\/strong><br \/>\nDer Kaufpreis wird sofort nach Erhalt unserer Auftragsbest\u00e4tigung f\u00e4llig. Der Besteller kann den Kaufpreis per Bank\u00fcberweisung auf das in der Auftragsbest\u00e4tigung angegebene Konto, oder in bar direkt an den Zusteller der Nachnahmesendung zahlen (letzteres ist nur innerhalb Deutschland m\u00f6glich). Zu zahlen ist der in der Bestell-Email angegebene Gesamtpreis. Alle Preise enthalten bereits die deutsche Mehrwertsteuer von aktuell 19%, diese wird separat auf der Rechnung ausgewiesen. Bis zur vollst\u00e4ndigen Bezahlung bleibt die Ware Eigentum der Firma Goldschmiede Biedermann.<\/p>\n<p style=\"text-align: left;\"><strong>9. Gew\u00e4hrleistung und Kundendienst<\/strong><br \/>\nDie Gew\u00e4hrleistung erfolgt nach den gesetzlichen Bestimmungen.<\/p>\n<p style=\"text-align: left;\"><strong>10. R\u00fccksendungen<\/strong><br \/>\nDer R\u00fccksendung sollte eine Kopie der Rechnung und gegebenenfalls eine Fehlerbeschreibung beigef\u00fcgt werden.<\/p>\n<p style=\"text-align: left;\"><strong>11. Datenschutz<\/strong><br \/>\nOhne Ihre ausdr\u00fcckliche Zustimmung werden Ihre Daten ausschlie\u00dflich zur Abwicklung Ihrer Bestel lung verwendet und im Rahmen der Gesch\u00e4ftsbeziehung per EDV-Anlage gespeichert. Eine Weitergabe Ihrer Daten an mit der Lieferung beauftragte Unternehmen erfolgt nur in soweit die Auftragsabwicklung dies erforderlich macht. Ansonsten werden die Daten streng vertraulich behandelt und Dritten nicht zug\u00e4nglich gemacht.<\/p>\n<p style=\"text-align: left;\"><strong>12. Haftung<\/strong><br \/>\nDas Unternehmen haftet nicht f\u00fcr die ununterbrochene Erreichbarkeit der Website, ebenso wenig daf\u00fcr, dass durch die Schaltung der Werbung bestimmte Ergebnisse erzielt werden k\u00f6nnen. F\u00fcr Schadensersatz, gleich aus welchem Rechtsgrund, haftet das Unternehmen nur bei Vorsatz, grober Fahrl\u00e4ssigkeit und Fehlen einer zugesicherten Eigenschaft. Dies gilt auch f\u00fcr Erf\u00fcllungs- bzw. Verrichtungsgehilfen und gesetzliche Vertreter des Unternehmens. In allen anderen F\u00e4llen haftet das Unternehmen nur dann, wenn wesentliche Vertragspflichten (Kardinalspflichten) verletzt sind. Dabei ist der Schadensersatz auf den typischerweise vorhersehbaren Schaden begrenzt. Ein Ausgleich von atypischen oder nicht vorhersehbaren Sch\u00e4den findet nicht statt.<\/p>\n<p><strong>13. Haftungsausschluss<\/strong><br \/>\n1. Das Unternehmen haftet nicht f\u00fcr die Aktualit\u00e4t, die inhaltliche Richtigkeit sowie f\u00fcr die Vollst\u00e4ndigkeit der in ihrem Webangebot eingestellten Informationen.<br \/>\n2. Das Unternehmen hat keinen Einfluss auf Gestaltung und Inhalte fremder Internetseiten. Sie distanziert sich daher von allen fremden Inhalten, auch wenn von Seiten des Unternehmens auf diese externe Seiten ein Link gesetzt wurde. Dies gilt f\u00fcr alle auf der Homepage angezeigten Links und f\u00fcr alle Inhalte der Seiten, zu denen die Banner und Links f\u00fchren, sowie f\u00fcr Fremdeintr\u00e4ge in vom Unternehmen eingerichteten G\u00e4steb\u00fcchern, Diskussionsforen und Mailinglisten.<\/p>\n<p><strong>14. Hinweis zur Batterieverordnung<\/strong><br \/>\nIm Zusammenhang mit dem Vertrieb von Batterien oder Akkus oder mit der Lieferung von Uhren oder anderen Ger\u00e4ten, die Batterien oder Akkus enthalten, sind wir verpflichtet, Sie gem\u00e4\u00df der Batterieverordnung auf Folgendes hinzuweisen: Batterien oder Akkus d\u00fcrfen nicht in den Hausm\u00fcll gegeben werden. Sie sind zur R\u00fcckgabe gebrauchter Batterien oder Akkus als Endverbraucher gesetzlich verpflichtet. Sie k\u00f6nnen Batterien oder Akkus nach Gebrauch in der Verkaufsstelle oder in deren unmittelbarer N\u00e4he (zum Beispiel in kommunalen Sammelstellen oder im Handel) unentgeltlich zur\u00fcckgeben. Sie k\u00f6nnen Batterien auch per Post an uns zur\u00fccksenden. Batterien oder Akkus, die Schadstoffe enthalten, sind mit dem Symbol einer durchgekreuzten M\u00fclltonne gekennzeichnet. In der N\u00e4he dieses M\u00fclltonnensymbols befindet sich die chemische Bezeichnung des Schadstoffes. Cd steht f\u00fcr Cadmium, Pb f\u00fcr Blei und Hg f\u00fcr Quecksilber.<\/p>\n<p><strong>15. Erf\u00fcllungsort, Gerichtsstand<\/strong><br \/>\nErf\u00fcllungsort und Gerichtsstand ist, soweit rechtlich zul\u00e4ssig, der Sitz des Unternehmens Goldschmiede Biedermann. Das Unternehmen ist allerdings berechtigt, Anspr\u00fcche gegen den Auftraggeber auch an jedem anderen f\u00fcr den Auftraggeber zust\u00e4ndigen Gericht gelten zu machen. F\u00fcr die Vertragsabschl\u00fcsse gilt deutsches Recht. F\u00fcr s\u00e4mtliche gegenw\u00e4rtigen und zuk\u00fcnftigen Anspr\u00fcche aus der Gesch\u00e4ftsverbindung, ist bei Kaufleuten ausschlie\u00dflicher Gerichtsstand der Sitz des Verk\u00e4ufers. Gerichtsstand und Erf\u00fcllungsort bei Kaufleuten ist Prina.<\/p>\n<p><strong>16. Schlussbestimmungen<\/strong><br \/>\nSollten eine oder mehrere Regelungen dieser AGB unwirksam sein, so zieht dies nicht die Unwirksamkeit des gesamten Vertrages nach sich. \u00c4nderungen oder Erg\u00e4nzungen zum Vertrag bed\u00fcrfen zu ihrer Rechtswirksamkeit der Schriftform. M\u00fcndliche Nebenabreden wurden nicht getroffen. Die unwirksame Regelung wird durch die geltende gesetzliche Regelung ersetzt, es bleiben die \u00fcbr igen Bes t immungen dieser Al lgemeinen Gesch\u00e4ftsbedingungen voll wirksam.<\/p>\n<p>Auf diesen Vertrag ist ausschlie\u00dflich deutsches Recht anwendbar. UNKaufrecht wird ausgeschlossen.<\/p>\n<p>Goldschmiede Biedermann<br \/>\nHertigswalder Str. 2<br \/>\nD-01855 Sebnitz<\/p>\n<p>Inhaberin: Doreen Biedermann<\/p>\n<p>Tel.: +49 35971 51620<br \/>\nFax: +49 35971 83433<\/p>\n<p>E-Mail: &#x64;&#x62;&#x40;&#x67;&#x6f;&#x6c;&#100;&#115;&#99;&#104;mied&#x65;&#x2d;&#x62;&#x69;&#x65;&#x64;&#101;&#114;&#109;&#97;&#110;n&#46;d&#x65;<\/p>\n<p>HWK Dresden<br \/>\nAmtsgericht Pirna<br \/>\nUSt-IdNr. DE206 134 293<\/p>\n<\/div><div class=\"fusion-clearfix\"><\/div><\/div><\/div><\/div><\/div>\n","protected":false},"excerpt":{"rendered":"","protected":false},"author":33,"featured_media":0,"parent":0,"menu_order":0,"comment_status":"closed","ping_status":"closed","template":"","meta":{"footnotes":""},"class_list":["post-522","page","type-page","status-publish","hentry"],"yoast_head":"<!-- This site is optimized with the Yoast SEO plugin v27.5 - https:\/\/yoast.com\/product\/yoast-seo-wordpress\/ -->\n<title>AGB - Goldschmiede Biedermann Shop<\/title>\n<meta name=\"robots\" content=\"index, follow, max-snippet:-1, max-image-preview:large, max-video-preview:-1\" \/>\n<link rel=\"canonical\" href=\"https:\/\/www.goldschmiede-biedermann.de\/shop\/agb\/\" \/>\n<meta property=\"og:locale\" content=\"de_DE\" \/>\n<meta property=\"og:type\" content=\"article\" \/>\n<meta property=\"og:title\" content=\"AGB - Goldschmiede Biedermann Shop\" \/>\n<meta property=\"og:url\" content=\"https:\/\/www.goldschmiede-biedermann.de\/shop\/agb\/\" \/>\n<meta property=\"og:site_name\" content=\"Goldschmiede Biedermann Shop\" \/>\n<meta property=\"article:modified_time\" content=\"2021-11-23T14:26:08+00:00\" \/>\n<meta name=\"twitter:card\" content=\"summary_large_image\" \/>\n<meta name=\"twitter:label1\" content=\"Gesch\u00e4tzte Lesezeit\" \/>\n\t<meta name=\"twitter:data1\" content=\"11\u00a0Minuten\" \/>\n<script type=\"application\/ld+json\" class=\"yoast-schema-graph\">{\"@context\":\"https:\\\/\\\/schema.org\",\"@graph\":[{\"@type\":\"WebPage\",\"@id\":\"https:\\\/\\\/www.goldschmiede-biedermann.de\\\/shop\\\/agb\\\/\",\"url\":\"https:\\\/\\\/www.goldschmiede-biedermann.de\\\/shop\\\/agb\\\/\",\"name\":\"AGB - Goldschmiede Biedermann Shop\",\"isPartOf\":{\"@id\":\"https:\\\/\\\/www.goldschmiede-biedermann.de\\\/shop\\\/#website\"},\"datePublished\":\"2021-03-15T14:20:40+00:00\",\"dateModified\":\"2021-11-23T14:26:08+00:00\",\"breadcrumb\":{\"@id\":\"https:\\\/\\\/www.goldschmiede-biedermann.de\\\/shop\\\/agb\\\/#breadcrumb\"},\"inLanguage\":\"de\",\"potentialAction\":[{\"@type\":\"ReadAction\",\"target\":[\"https:\\\/\\\/www.goldschmiede-biedermann.de\\\/shop\\\/agb\\\/\"]}]},{\"@type\":\"BreadcrumbList\",\"@id\":\"https:\\\/\\\/www.goldschmiede-biedermann.de\\\/shop\\\/agb\\\/#breadcrumb\",\"itemListElement\":[{\"@type\":\"ListItem\",\"position\":1,\"name\":\"Startseite\",\"item\":\"https:\\\/\\\/www.goldschmiede-biedermann.de\\\/shop\\\/\"},{\"@type\":\"ListItem\",\"position\":2,\"name\":\"AGB\"}]},{\"@type\":\"WebSite\",\"@id\":\"https:\\\/\\\/www.goldschmiede-biedermann.de\\\/shop\\\/#website\",\"url\":\"https:\\\/\\\/www.goldschmiede-biedermann.de\\\/shop\\\/\",\"name\":\"Goldschmiede Biedermann Shop\",\"description\":\"\",\"potentialAction\":[{\"@type\":\"SearchAction\",\"target\":{\"@type\":\"EntryPoint\",\"urlTemplate\":\"https:\\\/\\\/www.goldschmiede-biedermann.de\\\/shop\\\/?s={search_term_string}\"},\"query-input\":{\"@type\":\"PropertyValueSpecification\",\"valueRequired\":true,\"valueName\":\"search_term_string\"}}],\"inLanguage\":\"de\"}]}<\/script>\n<!-- \/ Yoast SEO plugin. -->","yoast_head_json":{"title":"AGB - Goldschmiede Biedermann Shop","robots":{"index":"index","follow":"follow","max-snippet":"max-snippet:-1","max-image-preview":"max-image-preview:large","max-video-preview":"max-video-preview:-1"},"canonical":"https:\/\/www.goldschmiede-biedermann.de\/shop\/agb\/","og_locale":"de_DE","og_type":"article","og_title":"AGB - Goldschmiede Biedermann Shop","og_url":"https:\/\/www.goldschmiede-biedermann.de\/shop\/agb\/","og_site_name":"Goldschmiede Biedermann Shop","article_modified_time":"2021-11-23T14:26:08+00:00","twitter_card":"summary_large_image","twitter_misc":{"Gesch\u00e4tzte Lesezeit":"11\u00a0Minuten"},"schema":{"@context":"https:\/\/schema.org","@graph":[{"@type":"WebPage","@id":"https:\/\/www.goldschmiede-biedermann.de\/shop\/agb\/","url":"https:\/\/www.goldschmiede-biedermann.de\/shop\/agb\/","name":"AGB - Goldschmiede Biedermann Shop","isPartOf":{"@id":"https:\/\/www.goldschmiede-biedermann.de\/shop\/#website"},"datePublished":"2021-03-15T14:20:40+00:00","dateModified":"2021-11-23T14:26:08+00:00","breadcrumb":{"@id":"https:\/\/www.goldschmiede-biedermann.de\/shop\/agb\/#breadcrumb"},"inLanguage":"de","potentialAction":[{"@type":"ReadAction","target":["https:\/\/www.goldschmiede-biedermann.de\/shop\/agb\/"]}]},{"@type":"BreadcrumbList","@id":"https:\/\/www.goldschmiede-biedermann.de\/shop\/agb\/#breadcrumb","itemListElement":[{"@type":"ListItem","position":1,"name":"Startseite","item":"https:\/\/www.goldschmiede-biedermann.de\/shop\/"},{"@type":"ListItem","position":2,"name":"AGB"}]},{"@type":"WebSite","@id":"https:\/\/www.goldschmiede-biedermann.de\/shop\/#website","url":"https:\/\/www.goldschmiede-biedermann.de\/shop\/","name":"Goldschmiede Biedermann Shop","description":"","potentialAction":[{"@type":"SearchAction","target":{"@type":"EntryPoint","urlTemplate":"https:\/\/www.goldschmiede-biedermann.de\/shop\/?s={search_term_string}"},"query-input":{"@type":"PropertyValueSpecification","valueRequired":true,"valueName":"search_term_string"}}],"inLanguage":"de"}]}},"_links":{"self":[{"href":"https:\/\/www.goldschmiede-biedermann.de\/shop\/wp-json\/wp\/v2\/pages\/522","targetHints":{"allow":["GET"]}}],"collection":[{"href":"https:\/\/www.goldschmiede-biedermann.de\/shop\/wp-json\/wp\/v2\/pages"}],"about":[{"href":"https:\/\/www.goldschmiede-biedermann.de\/shop\/wp-json\/wp\/v2\/types\/page"}],"author":[{"embeddable":true,"href":"https:\/\/www.goldschmiede-biedermann.de\/shop\/wp-json\/wp\/v2\/users\/33"}],"replies":[{"embeddable":true,"href":"https:\/\/www.goldschmiede-biedermann.de\/shop\/wp-json\/wp\/v2\/comments?post=522"}],"version-history":[{"count":0,"href":"https:\/\/www.goldschmiede-biedermann.de\/shop\/wp-json\/wp\/v2\/pages\/522\/revisions"}],"wp:attachment":[{"href":"https:\/\/www.goldschmiede-biedermann.de\/shop\/wp-json\/wp\/v2\/media?parent=522"}],"curies":[{"name":"wp","href":"https:\/\/api.w.org\/{rel}","templated":true}]}}