{"id":523,"date":"2021-03-15T15:20:40","date_gmt":"2021-03-15T14:20:40","guid":{"rendered":"https:\/\/www.goldschmiede-biedermann.de\/shop\/widerrufsbelehrung\/"},"modified":"2021-11-23T15:23:17","modified_gmt":"2021-11-23T14:23:17","slug":"widerrufsbelehrung","status":"publish","type":"page","link":"https:\/\/www.goldschmiede-biedermann.de\/shop\/widerrufsbelehrung\/","title":{"rendered":"Widerrufsbelehrung"},"content":{"rendered":"<div class=\"fusion-fullwidth fullwidth-box fusion-builder-row-1 nonhundred-percent-fullwidth non-hundred-percent-height-scrolling\" style=\"--awb-border-radius-top-left:0px;--awb-border-radius-top-right:0px;--awb-border-radius-bottom-right:0px;--awb-border-radius-bottom-left:0px;--awb-padding-top:80px;--awb-padding-bottom:40px;--awb-flex-wrap:wrap;\" ><div class=\"fusion-builder-row fusion-row\"><div class=\"fusion-layout-column fusion_builder_column fusion-builder-column-0 fusion_builder_column_1_1 1_1 fusion-one-full fusion-column-first fusion-column-last\" style=\"--awb-bg-size:cover;\"><div class=\"fusion-column-wrapper fusion-column-has-shadow fusion-flex-column-wrapper-legacy\"><div class=\"fusion-title title fusion-title-1 fusion-sep-none fusion-title-center fusion-title-text fusion-title-size-one\" style=\"--awb-margin-bottom:10px;--awb-margin-top-small:0px;--awb-margin-right-small:0px;--awb-margin-bottom-small:10px;--awb-margin-left-small:0px;\"><h1 class=\"fusion-title-heading title-heading-center fusion-responsive-typography-calculated\" style=\"margin:0;--fontSize:50;line-height:1.2;\">Widerrufsbelehrung<\/h1><\/div><div class=\"fusion-text fusion-text-1\" style=\"--awb-text-transform:none;\"><p><strong>Widerrufsrecht und Belehrung<\/strong><\/p>\n<p>Das Widerrufsrecht gilt ausschlie\u00dflich f\u00fcr Verbraucher i.S.d. \u00a7 13 BGB.<\/p>\n<p>Sie k\u00f6nnen Ihre Vertragserkl\u00e4rung innerhalb von 14 Tagen ohne Angabe von Gr\u00fcnden in Textform (z. B. Brief, Fax, E-Mail) oder wenn Ihnen die Sache vor Fristablauf \u00fcberlassen wird auch durch R\u00fccksendung der Sache widerrufen.<\/p>\n<p>Die Frist beginnt mit dem Erhalt dieser Belehrung in Textform, jedoch nicht vor Eingang der Ware beim Empf\u00e4nger (bei der wiederkehrenden Lieferung gleichartiger Waren nicht vor Eingang der ersten Teillieferung) und auch nicht vor Erf\u00fcllung unserer Informationspflichten gem\u00e4\u00df Artikel 246 \u00a7 2 in Verbindung mit \u00a7 1 Absatz 1 und 2 EGBGB sowie unserer Pflichten gem\u00e4\u00df \u00a7 312g Abs. 1 Satz 1 BGB in Verbindung mit Artikel 246 \u00a7 3 EGBGB. Zur Wahrung der Widerrufsfrist gen\u00fcgt die rechtzeitige Absendung des Widerrufs.<\/p>\n<p>Der Widerruf muss schriftlich erfolgen und ist zu richten an:<\/p>\n<p>Goldschmiede Biedermann<br \/>\nHertigswalder Str. 2<br \/>\nD-01855 Sebnitz<br \/>\nE-Mail: &#x69;&#x6e;&#x66;&#x6f;&#x40;&#x67;&#x6f;&#x6c;&#x64;&#x73;&#x63;&#x68;&#x6d;&#x69;&#x65;&#x64;&#x65;&#x2d;&#x62;&#x69;&#x65;&#x64;&#101;&#114;&#109;&#97;&#110;&#110;&#46;&#100;&#101;<\/p>\n<p><strong>Widerrufsfolgen<\/strong><\/p>\n<p>Im Falle eines wirksamen Widerrufs sind die beiderseits empfangenen Leistungen zur\u00fcck zu gew\u00e4hren und ggf. gezogene Nutzungen (z.B. Zinsen) herauszugeben. K\u00f6nnen Sie uns die empfangene Leistung ganz oder teilweise nicht oder nur in verschlechtertem Zustand zur\u00fcck gew\u00e4hren, m\u00fcssen Sie uns insoweit ggf. Wertersatz leisten.<br \/>\nF\u00fcr die Verschlechterung der Sache und f\u00fcr gezogene Nutzungen m\u00fcssen Sie Wertersatz nur leisten, soweit die Nutzungen oder die Verschlechterung auf einen Umgang mit der Sache zur\u00fcckzuf\u00fchren ist, der \u00fcber die Pr\u00fcfung der Eigenschaften und der Funktionsweise hinausgeht. Unter &#8222;Pr\u00fcfung der Eigenschaften und der Funktionsweise&#8220; versteht man das Testen und Ausprobieren der jeweiligen Ware, wie es etwa im Ladengesch\u00e4ft m\u00f6glich und \u00fcblich ist. Paketversandf\u00e4hige Sachen sind auf unsere Gefahr zur\u00fcckzusenden. Sie haben die Kosten der R\u00fccksendung zu tragen, wenn der Preis der gelieferten Ware unter 150,- \u20ac liegt.<\/p>\n<p>Ab 150,- \u20ac Warenwert \u00fcbernehmen wir die R\u00fccksendekosten innerhalb Deutschlands.<\/p>\n<p>Verpflichtungen zur Erstattung von Zahlungen m\u00fcssen innerhalb von 30 Tagen erf\u00fcllt werden. Die Frist beginnt f\u00fcr Sie mit der Absendung Ihrer Widerrufserkl\u00e4rung oder der Sache, f\u00fcr uns mit deren Empfang.<\/p>\n<\/div><div class=\"fusion-clearfix\"><\/div><\/div><\/div><\/div><\/div>\n","protected":false},"excerpt":{"rendered":"","protected":false},"author":33,"featured_media":0,"parent":0,"menu_order":0,"comment_status":"closed","ping_status":"closed","template":"","meta":{"footnotes":""},"class_list":["post-523","page","type-page","status-publish","hentry"],"yoast_head":"<!-- This site is optimized with the Yoast SEO plugin v27.5 - https:\/\/yoast.com\/product\/yoast-seo-wordpress\/ -->\n<title>Widerrufsbelehrung - Goldschmiede Biedermann Shop<\/title>\n<meta name=\"robots\" content=\"index, follow, max-snippet:-1, max-image-preview:large, max-video-preview:-1\" \/>\n<link rel=\"canonical\" href=\"https:\/\/www.goldschmiede-biedermann.de\/shop\/widerrufsbelehrung\/\" \/>\n<meta property=\"og:locale\" content=\"de_DE\" \/>\n<meta property=\"og:type\" content=\"article\" \/>\n<meta property=\"og:title\" content=\"Widerrufsbelehrung - Goldschmiede Biedermann Shop\" \/>\n<meta property=\"og:url\" content=\"https:\/\/www.goldschmiede-biedermann.de\/shop\/widerrufsbelehrung\/\" \/>\n<meta property=\"og:site_name\" content=\"Goldschmiede Biedermann Shop\" \/>\n<meta property=\"article:modified_time\" content=\"2021-11-23T14:23:17+00:00\" \/>\n<meta name=\"twitter:card\" content=\"summary_large_image\" \/>\n<meta name=\"twitter:label1\" content=\"Gesch\u00e4tzte Lesezeit\" \/>\n\t<meta name=\"twitter:data1\" content=\"5\u00a0Minuten\" \/>\n<script type=\"application\/ld+json\" class=\"yoast-schema-graph\">{\"@context\":\"https:\\\/\\\/schema.org\",\"@graph\":[{\"@type\":\"WebPage\",\"@id\":\"https:\\\/\\\/www.goldschmiede-biedermann.de\\\/shop\\\/widerrufsbelehrung\\\/\",\"url\":\"https:\\\/\\\/www.goldschmiede-biedermann.de\\\/shop\\\/widerrufsbelehrung\\\/\",\"name\":\"Widerrufsbelehrung - Goldschmiede Biedermann Shop\",\"isPartOf\":{\"@id\":\"https:\\\/\\\/www.goldschmiede-biedermann.de\\\/shop\\\/#website\"},\"datePublished\":\"2021-03-15T14:20:40+00:00\",\"dateModified\":\"2021-11-23T14:23:17+00:00\",\"breadcrumb\":{\"@id\":\"https:\\\/\\\/www.goldschmiede-biedermann.de\\\/shop\\\/widerrufsbelehrung\\\/#breadcrumb\"},\"inLanguage\":\"de\",\"potentialAction\":[{\"@type\":\"ReadAction\",\"target\":[\"https:\\\/\\\/www.goldschmiede-biedermann.de\\\/shop\\\/widerrufsbelehrung\\\/\"]}]},{\"@type\":\"BreadcrumbList\",\"@id\":\"https:\\\/\\\/www.goldschmiede-biedermann.de\\\/shop\\\/widerrufsbelehrung\\\/#breadcrumb\",\"itemListElement\":[{\"@type\":\"ListItem\",\"position\":1,\"name\":\"Startseite\",\"item\":\"https:\\\/\\\/www.goldschmiede-biedermann.de\\\/shop\\\/\"},{\"@type\":\"ListItem\",\"position\":2,\"name\":\"Widerrufsbelehrung\"}]},{\"@type\":\"WebSite\",\"@id\":\"https:\\\/\\\/www.goldschmiede-biedermann.de\\\/shop\\\/#website\",\"url\":\"https:\\\/\\\/www.goldschmiede-biedermann.de\\\/shop\\\/\",\"name\":\"Goldschmiede Biedermann Shop\",\"description\":\"\",\"potentialAction\":[{\"@type\":\"SearchAction\",\"target\":{\"@type\":\"EntryPoint\",\"urlTemplate\":\"https:\\\/\\\/www.goldschmiede-biedermann.de\\\/shop\\\/?s={search_term_string}\"},\"query-input\":{\"@type\":\"PropertyValueSpecification\",\"valueRequired\":true,\"valueName\":\"search_term_string\"}}],\"inLanguage\":\"de\"}]}<\/script>\n<!-- \/ Yoast SEO plugin. -->","yoast_head_json":{"title":"Widerrufsbelehrung - Goldschmiede Biedermann Shop","robots":{"index":"index","follow":"follow","max-snippet":"max-snippet:-1","max-image-preview":"max-image-preview:large","max-video-preview":"max-video-preview:-1"},"canonical":"https:\/\/www.goldschmiede-biedermann.de\/shop\/widerrufsbelehrung\/","og_locale":"de_DE","og_type":"article","og_title":"Widerrufsbelehrung - Goldschmiede Biedermann Shop","og_url":"https:\/\/www.goldschmiede-biedermann.de\/shop\/widerrufsbelehrung\/","og_site_name":"Goldschmiede Biedermann Shop","article_modified_time":"2021-11-23T14:23:17+00:00","twitter_card":"summary_large_image","twitter_misc":{"Gesch\u00e4tzte Lesezeit":"5\u00a0Minuten"},"schema":{"@context":"https:\/\/schema.org","@graph":[{"@type":"WebPage","@id":"https:\/\/www.goldschmiede-biedermann.de\/shop\/widerrufsbelehrung\/","url":"https:\/\/www.goldschmiede-biedermann.de\/shop\/widerrufsbelehrung\/","name":"Widerrufsbelehrung - Goldschmiede Biedermann Shop","isPartOf":{"@id":"https:\/\/www.goldschmiede-biedermann.de\/shop\/#website"},"datePublished":"2021-03-15T14:20:40+00:00","dateModified":"2021-11-23T14:23:17+00:00","breadcrumb":{"@id":"https:\/\/www.goldschmiede-biedermann.de\/shop\/widerrufsbelehrung\/#breadcrumb"},"inLanguage":"de","potentialAction":[{"@type":"ReadAction","target":["https:\/\/www.goldschmiede-biedermann.de\/shop\/widerrufsbelehrung\/"]}]},{"@type":"BreadcrumbList","@id":"https:\/\/www.goldschmiede-biedermann.de\/shop\/widerrufsbelehrung\/#breadcrumb","itemListElement":[{"@type":"ListItem","position":1,"name":"Startseite","item":"https:\/\/www.goldschmiede-biedermann.de\/shop\/"},{"@type":"ListItem","position":2,"name":"Widerrufsbelehrung"}]},{"@type":"WebSite","@id":"https:\/\/www.goldschmiede-biedermann.de\/shop\/#website","url":"https:\/\/www.goldschmiede-biedermann.de\/shop\/","name":"Goldschmiede Biedermann Shop","description":"","potentialAction":[{"@type":"SearchAction","target":{"@type":"EntryPoint","urlTemplate":"https:\/\/www.goldschmiede-biedermann.de\/shop\/?s={search_term_string}"},"query-input":{"@type":"PropertyValueSpecification","valueRequired":true,"valueName":"search_term_string"}}],"inLanguage":"de"}]}},"_links":{"self":[{"href":"https:\/\/www.goldschmiede-biedermann.de\/shop\/wp-json\/wp\/v2\/pages\/523","targetHints":{"allow":["GET"]}}],"collection":[{"href":"https:\/\/www.goldschmiede-biedermann.de\/shop\/wp-json\/wp\/v2\/pages"}],"about":[{"href":"https:\/\/www.goldschmiede-biedermann.de\/shop\/wp-json\/wp\/v2\/types\/page"}],"author":[{"embeddable":true,"href":"https:\/\/www.goldschmiede-biedermann.de\/shop\/wp-json\/wp\/v2\/users\/33"}],"replies":[{"embeddable":true,"href":"https:\/\/www.goldschmiede-biedermann.de\/shop\/wp-json\/wp\/v2\/comments?post=523"}],"version-history":[{"count":0,"href":"https:\/\/www.goldschmiede-biedermann.de\/shop\/wp-json\/wp\/v2\/pages\/523\/revisions"}],"wp:attachment":[{"href":"https:\/\/www.goldschmiede-biedermann.de\/shop\/wp-json\/wp\/v2\/media?parent=523"}],"curies":[{"name":"wp","href":"https:\/\/api.w.org\/{rel}","templated":true}]}}