{"id":1516,"date":"2022-04-05T13:21:16","date_gmt":"2022-04-05T11:21:16","guid":{"rendered":"https:\/\/www.goldschmiede-biedermann.de\/shop\/?post_type=product&#038;p=1516"},"modified":"2022-04-05T13:35:57","modified_gmt":"2022-04-05T11:35:57","slug":"anhaenger-liebste-mieze","status":"publish","type":"product","link":"https:\/\/www.goldschmiede-biedermann.de\/shop\/produkt\/anhaenger-liebste-mieze\/","title":{"rendered":"Anh\u00e4nger \u201eLiebste Mieze\u201c"},"content":{"rendered":"<p>Dieser wundersch\u00f6ne Anh\u00e4nger aus 925 Silber ist ein absolutes Muss f\u00fcr Alle, die ihre Katze im Herzen tragen.<\/p>\n<p>Filigran wurde das Motiv ausges\u00e4gt und geschw\u00e4rzt.<\/p>\n<p>Den passenden Silberreif liefern wir Ihnen gleich mit.<\/p>\n<p>Durchmesser: ca. 25 mm<\/p>\n","protected":false},"excerpt":{"rendered":"<p>Dieser wundersch\u00f6ne Anh\u00e4nger aus 925 Silber ist ein absolutes Muss f\u00fcr Alle, die ihre Katze im Herzen tragen. Filigran wurde  [&#8230;]<\/p>\n","protected":false},"featured_media":1492,"comment_status":"closed","ping_status":"closed","template":"","meta":[],"product_brand":[],"product_cat":[56,89],"product_tag":[],"class_list":{"0":"post-1516","1":"product","2":"type-product","3":"status-publish","4":"has-post-thumbnail","6":"product_cat-halsschmuck","7":"product_cat-tiere","8":"pa_material-925-er-silber","10":"first","11":"instock","12":"taxable","13":"shipping-taxable","14":"purchasable","15":"product-type-simple"},"yoast_head":"<!-- This site is optimized with the Yoast SEO plugin v27.5 - https:\/\/yoast.com\/product\/yoast-seo-wordpress\/ -->\n<title>Anh\u00e4nger \u201eLiebste Mieze\u201c - Goldschmiede Biedermann Shop<\/title>\n<meta name=\"robots\" content=\"index, follow, max-snippet:-1, max-image-preview:large, max-video-preview:-1\" \/>\n<link rel=\"canonical\" href=\"https:\/\/www.goldschmiede-biedermann.de\/shop\/produkt\/anhaenger-liebste-mieze\/\" \/>\n<meta property=\"og:locale\" content=\"de_DE\" \/>\n<meta property=\"og:type\" content=\"article\" \/>\n<meta property=\"og:title\" content=\"Anh\u00e4nger \u201eLiebste Mieze\u201c - Goldschmiede Biedermann Shop\" \/>\n<meta property=\"og:description\" content=\"Dieser wundersch\u00f6ne Anh\u00e4nger aus 925 Silber ist ein absolutes Muss f\u00fcr Alle, die ihre Katze im Herzen tragen. Filigran wurde [...]\" \/>\n<meta property=\"og:url\" content=\"https:\/\/www.goldschmiede-biedermann.de\/shop\/produkt\/anhaenger-liebste-mieze\/\" \/>\n<meta property=\"og:site_name\" content=\"Goldschmiede Biedermann Shop\" \/>\n<meta property=\"article:modified_time\" content=\"2022-04-05T11:35:57+00:00\" \/>\n<meta property=\"og:image\" content=\"https:\/\/www.goldschmiede-biedermann.de\/shop\/wp-content\/uploads\/2022\/04\/Anhaenger-Katze-Silber-schwarz-Herz-scaled.jpg\" \/>\n\t<meta property=\"og:image:width\" content=\"2560\" \/>\n\t<meta property=\"og:image:height\" content=\"1536\" \/>\n\t<meta property=\"og:image:type\" content=\"image\/jpeg\" \/>\n<meta name=\"twitter:card\" content=\"summary_large_image\" \/>\n<meta name=\"twitter:label1\" content=\"Gesch\u00e4tzte Lesezeit\" \/>\n\t<meta name=\"twitter:data1\" content=\"1\u00a0Minute\" \/>\n<script type=\"application\/ld+json\" class=\"yoast-schema-graph\">{\"@context\":\"https:\\\/\\\/schema.org\",\"@graph\":[{\"@type\":\"WebPage\",\"@id\":\"https:\\\/\\\/www.goldschmiede-biedermann.de\\\/shop\\\/produkt\\\/anhaenger-liebste-mieze\\\/\",\"url\":\"https:\\\/\\\/www.goldschmiede-biedermann.de\\\/shop\\\/produkt\\\/anhaenger-liebste-mieze\\\/\",\"name\":\"Anh\u00e4nger \u201eLiebste Mieze\u201c - Goldschmiede Biedermann Shop\",\"isPartOf\":{\"@id\":\"https:\\\/\\\/www.goldschmiede-biedermann.de\\\/shop\\\/#website\"},\"primaryImageOfPage\":{\"@id\":\"https:\\\/\\\/www.goldschmiede-biedermann.de\\\/shop\\\/produkt\\\/anhaenger-liebste-mieze\\\/#primaryimage\"},\"image\":{\"@id\":\"https:\\\/\\\/www.goldschmiede-biedermann.de\\\/shop\\\/produkt\\\/anhaenger-liebste-mieze\\\/#primaryimage\"},\"thumbnailUrl\":\"https:\\\/\\\/www.goldschmiede-biedermann.de\\\/shop\\\/wp-content\\\/uploads\\\/2022\\\/04\\\/Anhaenger-Katze-Silber-schwarz-Herz-scaled.jpg\",\"datePublished\":\"2022-04-05T11:21:16+00:00\",\"dateModified\":\"2022-04-05T11:35:57+00:00\",\"breadcrumb\":{\"@id\":\"https:\\\/\\\/www.goldschmiede-biedermann.de\\\/shop\\\/produkt\\\/anhaenger-liebste-mieze\\\/#breadcrumb\"},\"inLanguage\":\"de\",\"potentialAction\":[{\"@type\":\"ReadAction\",\"target\":[\"https:\\\/\\\/www.goldschmiede-biedermann.de\\\/shop\\\/produkt\\\/anhaenger-liebste-mieze\\\/\"]}]},{\"@type\":\"ImageObject\",\"inLanguage\":\"de\",\"@id\":\"https:\\\/\\\/www.goldschmiede-biedermann.de\\\/shop\\\/produkt\\\/anhaenger-liebste-mieze\\\/#primaryimage\",\"url\":\"https:\\\/\\\/www.goldschmiede-biedermann.de\\\/shop\\\/wp-content\\\/uploads\\\/2022\\\/04\\\/Anhaenger-Katze-Silber-schwarz-Herz-scaled.jpg\",\"contentUrl\":\"https:\\\/\\\/www.goldschmiede-biedermann.de\\\/shop\\\/wp-content\\\/uploads\\\/2022\\\/04\\\/Anhaenger-Katze-Silber-schwarz-Herz-scaled.jpg\",\"width\":2560,\"height\":1536,\"caption\":\"Anh\u00e4nger Katze Silber schwarz Herz\"},{\"@type\":\"BreadcrumbList\",\"@id\":\"https:\\\/\\\/www.goldschmiede-biedermann.de\\\/shop\\\/produkt\\\/anhaenger-liebste-mieze\\\/#breadcrumb\",\"itemListElement\":[{\"@type\":\"ListItem\",\"position\":1,\"name\":\"Startseite\",\"item\":\"https:\\\/\\\/www.goldschmiede-biedermann.de\\\/shop\\\/\"},{\"@type\":\"ListItem\",\"position\":2,\"name\":\"Startseite\",\"item\":\"https:\\\/\\\/www.goldschmiede-biedermann.de\\\/shop\\\/\"},{\"@type\":\"ListItem\",\"position\":3,\"name\":\"Anh\u00e4nger \u201eLiebste Mieze\u201c\"}]},{\"@type\":\"WebSite\",\"@id\":\"https:\\\/\\\/www.goldschmiede-biedermann.de\\\/shop\\\/#website\",\"url\":\"https:\\\/\\\/www.goldschmiede-biedermann.de\\\/shop\\\/\",\"name\":\"Goldschmiede Biedermann Shop\",\"description\":\"\",\"potentialAction\":[{\"@type\":\"SearchAction\",\"target\":{\"@type\":\"EntryPoint\",\"urlTemplate\":\"https:\\\/\\\/www.goldschmiede-biedermann.de\\\/shop\\\/?s={search_term_string}\"},\"query-input\":{\"@type\":\"PropertyValueSpecification\",\"valueRequired\":true,\"valueName\":\"search_term_string\"}}],\"inLanguage\":\"de\"}]}<\/script>\n<!-- \/ Yoast SEO plugin. -->","yoast_head_json":{"title":"Anh\u00e4nger \u201eLiebste Mieze\u201c - Goldschmiede Biedermann Shop","robots":{"index":"index","follow":"follow","max-snippet":"max-snippet:-1","max-image-preview":"max-image-preview:large","max-video-preview":"max-video-preview:-1"},"canonical":"https:\/\/www.goldschmiede-biedermann.de\/shop\/produkt\/anhaenger-liebste-mieze\/","og_locale":"de_DE","og_type":"article","og_title":"Anh\u00e4nger \u201eLiebste Mieze\u201c - Goldschmiede Biedermann Shop","og_description":"Dieser wundersch\u00f6ne Anh\u00e4nger aus 925 Silber ist ein absolutes Muss f\u00fcr Alle, die ihre Katze im Herzen tragen. Filigran wurde [...]","og_url":"https:\/\/www.goldschmiede-biedermann.de\/shop\/produkt\/anhaenger-liebste-mieze\/","og_site_name":"Goldschmiede Biedermann Shop","article_modified_time":"2022-04-05T11:35:57+00:00","og_image":[{"width":2560,"height":1536,"url":"https:\/\/www.goldschmiede-biedermann.de\/shop\/wp-content\/uploads\/2022\/04\/Anhaenger-Katze-Silber-schwarz-Herz-scaled.jpg","type":"image\/jpeg"}],"twitter_card":"summary_large_image","twitter_misc":{"Gesch\u00e4tzte Lesezeit":"1\u00a0Minute"},"schema":{"@context":"https:\/\/schema.org","@graph":[{"@type":"WebPage","@id":"https:\/\/www.goldschmiede-biedermann.de\/shop\/produkt\/anhaenger-liebste-mieze\/","url":"https:\/\/www.goldschmiede-biedermann.de\/shop\/produkt\/anhaenger-liebste-mieze\/","name":"Anh\u00e4nger \u201eLiebste Mieze\u201c - Goldschmiede Biedermann Shop","isPartOf":{"@id":"https:\/\/www.goldschmiede-biedermann.de\/shop\/#website"},"primaryImageOfPage":{"@id":"https:\/\/www.goldschmiede-biedermann.de\/shop\/produkt\/anhaenger-liebste-mieze\/#primaryimage"},"image":{"@id":"https:\/\/www.goldschmiede-biedermann.de\/shop\/produkt\/anhaenger-liebste-mieze\/#primaryimage"},"thumbnailUrl":"https:\/\/www.goldschmiede-biedermann.de\/shop\/wp-content\/uploads\/2022\/04\/Anhaenger-Katze-Silber-schwarz-Herz-scaled.jpg","datePublished":"2022-04-05T11:21:16+00:00","dateModified":"2022-04-05T11:35:57+00:00","breadcrumb":{"@id":"https:\/\/www.goldschmiede-biedermann.de\/shop\/produkt\/anhaenger-liebste-mieze\/#breadcrumb"},"inLanguage":"de","potentialAction":[{"@type":"ReadAction","target":["https:\/\/www.goldschmiede-biedermann.de\/shop\/produkt\/anhaenger-liebste-mieze\/"]}]},{"@type":"ImageObject","inLanguage":"de","@id":"https:\/\/www.goldschmiede-biedermann.de\/shop\/produkt\/anhaenger-liebste-mieze\/#primaryimage","url":"https:\/\/www.goldschmiede-biedermann.de\/shop\/wp-content\/uploads\/2022\/04\/Anhaenger-Katze-Silber-schwarz-Herz-scaled.jpg","contentUrl":"https:\/\/www.goldschmiede-biedermann.de\/shop\/wp-content\/uploads\/2022\/04\/Anhaenger-Katze-Silber-schwarz-Herz-scaled.jpg","width":2560,"height":1536,"caption":"Anh\u00e4nger Katze Silber schwarz Herz"},{"@type":"BreadcrumbList","@id":"https:\/\/www.goldschmiede-biedermann.de\/shop\/produkt\/anhaenger-liebste-mieze\/#breadcrumb","itemListElement":[{"@type":"ListItem","position":1,"name":"Startseite","item":"https:\/\/www.goldschmiede-biedermann.de\/shop\/"},{"@type":"ListItem","position":2,"name":"Startseite","item":"https:\/\/www.goldschmiede-biedermann.de\/shop\/"},{"@type":"ListItem","position":3,"name":"Anh\u00e4nger \u201eLiebste Mieze\u201c"}]},{"@type":"WebSite","@id":"https:\/\/www.goldschmiede-biedermann.de\/shop\/#website","url":"https:\/\/www.goldschmiede-biedermann.de\/shop\/","name":"Goldschmiede Biedermann Shop","description":"","potentialAction":[{"@type":"SearchAction","target":{"@type":"EntryPoint","urlTemplate":"https:\/\/www.goldschmiede-biedermann.de\/shop\/?s={search_term_string}"},"query-input":{"@type":"PropertyValueSpecification","valueRequired":true,"valueName":"search_term_string"}}],"inLanguage":"de"}]}},"_links":{"self":[{"href":"https:\/\/www.goldschmiede-biedermann.de\/shop\/wp-json\/wp\/v2\/product\/1516","targetHints":{"allow":["GET"]}}],"collection":[{"href":"https:\/\/www.goldschmiede-biedermann.de\/shop\/wp-json\/wp\/v2\/product"}],"about":[{"href":"https:\/\/www.goldschmiede-biedermann.de\/shop\/wp-json\/wp\/v2\/types\/product"}],"replies":[{"embeddable":true,"href":"https:\/\/www.goldschmiede-biedermann.de\/shop\/wp-json\/wp\/v2\/comments?post=1516"}],"wp:featuredmedia":[{"embeddable":true,"href":"https:\/\/www.goldschmiede-biedermann.de\/shop\/wp-json\/wp\/v2\/media\/1492"}],"wp:attachment":[{"href":"https:\/\/www.goldschmiede-biedermann.de\/shop\/wp-json\/wp\/v2\/media?parent=1516"}],"wp:term":[{"taxonomy":"product_brand","embeddable":true,"href":"https:\/\/www.goldschmiede-biedermann.de\/shop\/wp-json\/wp\/v2\/product_brand?post=1516"},{"taxonomy":"product_cat","embeddable":true,"href":"https:\/\/www.goldschmiede-biedermann.de\/shop\/wp-json\/wp\/v2\/product_cat?post=1516"},{"taxonomy":"product_tag","embeddable":true,"href":"https:\/\/www.goldschmiede-biedermann.de\/shop\/wp-json\/wp\/v2\/product_tag?post=1516"}],"curies":[{"name":"wp","href":"https:\/\/api.w.org\/{rel}","templated":true}]}}