{"id":1761,"date":"2025-04-15T09:16:39","date_gmt":"2025-04-15T07:16:39","guid":{"rendered":"https:\/\/www.goldschmiede-biedermann.de\/shop\/?post_type=product&#038;p=1761"},"modified":"2025-11-27T09:32:08","modified_gmt":"2025-11-27T08:32:08","slug":"wertgutschein-goldschmiede-einzelkurs","status":"publish","type":"product","link":"https:\/\/www.goldschmiede-biedermann.de\/shop\/produkt\/wertgutschein-goldschmiede-einzelkurs\/","title":{"rendered":"Wertgutschein &#8222;Goldschmiede-Einzelkurs&#8220;"},"content":{"rendered":"<p>Verschenken Sie Freude mit unserem exklusiven Goldschmiede-Einzelkurs f\u00fcr eine Person.<\/p>\n<p>Wenn Sie schon immer einmal gerne handwerklich in die Welt der Schmuckgestaltung und -herstellung eintauchen wollten, dann ist dieser Kurs genau das Richtige f\u00fcr sie.<\/p>\n<p>Verbringen Sie einen wundersch\u00f6nen, aufregenden Tag in unserer Werkstatt.<\/p>\n<p>Stellen Sie sich auf 4-7 Stunden Gestaltung und handwerkliche Arbeit ein und erleben Sie, wie auch ohne jegliche handwerkliche Vorkenntnisse Ihr Schmuckst\u00fcck entsteht.<\/p>\n<p>Hier k\u00f6nnen Sie die <a href=\"https:\/\/www.goldschmiede-biedermann.de\/goldschmiedekurse\/termine-goldschmiedekurse\/\">Goldschmiedekurs-Termine einsehe<\/a>n.<\/p>\n<p>Nicht der passende Gutschein?<br \/>\nSehen Sie sich gern auch unsere anderen Angebote an. Vom Werkstattkurs bis zu unseren Wertgutscheinen bieten wir Ihnen alles an.<br \/>\nBitte beachten Sie, dass Gutscheine nur in unseren Ladengesch\u00e4ften in Sebnitz oder Bad Schandau eingel\u00f6st werden k\u00f6nnen.<\/p>\n","protected":false},"excerpt":{"rendered":"<p>Gutschein f\u00fcr einen Goldschmiede-Einzelkurs.<\/p>\n","protected":false},"featured_media":1196,"comment_status":"closed","ping_status":"closed","template":"","meta":[],"product_brand":[],"product_cat":[144],"product_tag":[],"class_list":{"0":"post-1761","1":"product","2":"type-product","3":"status-publish","4":"has-post-thumbnail","6":"product_cat-gutschein","7":"product_shipping_class-versand-gutscheine","9":"first","10":"instock","11":"taxable","12":"shipping-taxable","13":"purchasable","14":"product-type-simple"},"yoast_head":"<!-- This site is optimized with the Yoast SEO plugin v27.5 - https:\/\/yoast.com\/product\/yoast-seo-wordpress\/ -->\n<title>Wertgutschein &quot;Goldschmiede-Einzelkurs&quot; - Goldschmiede Biedermann Shop<\/title>\n<meta name=\"robots\" content=\"index, follow, max-snippet:-1, max-image-preview:large, max-video-preview:-1\" \/>\n<link rel=\"canonical\" href=\"https:\/\/www.goldschmiede-biedermann.de\/shop\/produkt\/wertgutschein-goldschmiede-einzelkurs\/\" \/>\n<meta property=\"og:locale\" content=\"de_DE\" \/>\n<meta property=\"og:type\" content=\"article\" \/>\n<meta property=\"og:title\" content=\"Wertgutschein &quot;Goldschmiede-Einzelkurs&quot; - Goldschmiede Biedermann Shop\" \/>\n<meta property=\"og:description\" content=\"Gutschein f\u00fcr einen Goldschmiede-Einzelkurs.\" \/>\n<meta property=\"og:url\" content=\"https:\/\/www.goldschmiede-biedermann.de\/shop\/produkt\/wertgutschein-goldschmiede-einzelkurs\/\" \/>\n<meta property=\"og:site_name\" content=\"Goldschmiede Biedermann Shop\" \/>\n<meta property=\"article:modified_time\" content=\"2025-11-27T08:32:08+00:00\" \/>\n<meta property=\"og:image\" content=\"https:\/\/www.goldschmiede-biedermann.de\/shop\/wp-content\/uploads\/2021\/12\/Schmuckgutschein-Goldschmiede-Biedermann-Frontansicht.jpg\" \/>\n\t<meta property=\"og:image:width\" content=\"640\" \/>\n\t<meta property=\"og:image:height\" content=\"427\" \/>\n\t<meta property=\"og:image:type\" content=\"image\/jpeg\" \/>\n<meta name=\"twitter:card\" content=\"summary_large_image\" \/>\n<meta name=\"twitter:label1\" content=\"Gesch\u00e4tzte Lesezeit\" \/>\n\t<meta name=\"twitter:data1\" content=\"1\u00a0Minute\" \/>\n<script type=\"application\/ld+json\" class=\"yoast-schema-graph\">{\"@context\":\"https:\\\/\\\/schema.org\",\"@graph\":[{\"@type\":\"WebPage\",\"@id\":\"https:\\\/\\\/www.goldschmiede-biedermann.de\\\/shop\\\/produkt\\\/wertgutschein-goldschmiede-einzelkurs\\\/\",\"url\":\"https:\\\/\\\/www.goldschmiede-biedermann.de\\\/shop\\\/produkt\\\/wertgutschein-goldschmiede-einzelkurs\\\/\",\"name\":\"Wertgutschein \\\"Goldschmiede-Einzelkurs\\\" - Goldschmiede Biedermann Shop\",\"isPartOf\":{\"@id\":\"https:\\\/\\\/www.goldschmiede-biedermann.de\\\/shop\\\/#website\"},\"primaryImageOfPage\":{\"@id\":\"https:\\\/\\\/www.goldschmiede-biedermann.de\\\/shop\\\/produkt\\\/wertgutschein-goldschmiede-einzelkurs\\\/#primaryimage\"},\"image\":{\"@id\":\"https:\\\/\\\/www.goldschmiede-biedermann.de\\\/shop\\\/produkt\\\/wertgutschein-goldschmiede-einzelkurs\\\/#primaryimage\"},\"thumbnailUrl\":\"https:\\\/\\\/www.goldschmiede-biedermann.de\\\/shop\\\/wp-content\\\/uploads\\\/2021\\\/12\\\/Schmuckgutschein-Goldschmiede-Biedermann-Frontansicht.jpg\",\"datePublished\":\"2025-04-15T07:16:39+00:00\",\"dateModified\":\"2025-11-27T08:32:08+00:00\",\"breadcrumb\":{\"@id\":\"https:\\\/\\\/www.goldschmiede-biedermann.de\\\/shop\\\/produkt\\\/wertgutschein-goldschmiede-einzelkurs\\\/#breadcrumb\"},\"inLanguage\":\"de\",\"potentialAction\":[{\"@type\":\"ReadAction\",\"target\":[\"https:\\\/\\\/www.goldschmiede-biedermann.de\\\/shop\\\/produkt\\\/wertgutschein-goldschmiede-einzelkurs\\\/\"]}]},{\"@type\":\"ImageObject\",\"inLanguage\":\"de\",\"@id\":\"https:\\\/\\\/www.goldschmiede-biedermann.de\\\/shop\\\/produkt\\\/wertgutschein-goldschmiede-einzelkurs\\\/#primaryimage\",\"url\":\"https:\\\/\\\/www.goldschmiede-biedermann.de\\\/shop\\\/wp-content\\\/uploads\\\/2021\\\/12\\\/Schmuckgutschein-Goldschmiede-Biedermann-Frontansicht.jpg\",\"contentUrl\":\"https:\\\/\\\/www.goldschmiede-biedermann.de\\\/shop\\\/wp-content\\\/uploads\\\/2021\\\/12\\\/Schmuckgutschein-Goldschmiede-Biedermann-Frontansicht.jpg\",\"width\":640,\"height\":427,\"caption\":\"Schmuckgutschein-Goldschmiede-Biedermann-Frontansicht\"},{\"@type\":\"BreadcrumbList\",\"@id\":\"https:\\\/\\\/www.goldschmiede-biedermann.de\\\/shop\\\/produkt\\\/wertgutschein-goldschmiede-einzelkurs\\\/#breadcrumb\",\"itemListElement\":[{\"@type\":\"ListItem\",\"position\":1,\"name\":\"Startseite\",\"item\":\"https:\\\/\\\/www.goldschmiede-biedermann.de\\\/shop\\\/\"},{\"@type\":\"ListItem\",\"position\":2,\"name\":\"Startseite\",\"item\":\"https:\\\/\\\/www.goldschmiede-biedermann.de\\\/shop\\\/\"},{\"@type\":\"ListItem\",\"position\":3,\"name\":\"Wertgutschein &#8222;Goldschmiede-Einzelkurs&#8220;\"}]},{\"@type\":\"WebSite\",\"@id\":\"https:\\\/\\\/www.goldschmiede-biedermann.de\\\/shop\\\/#website\",\"url\":\"https:\\\/\\\/www.goldschmiede-biedermann.de\\\/shop\\\/\",\"name\":\"Goldschmiede Biedermann Shop\",\"description\":\"\",\"potentialAction\":[{\"@type\":\"SearchAction\",\"target\":{\"@type\":\"EntryPoint\",\"urlTemplate\":\"https:\\\/\\\/www.goldschmiede-biedermann.de\\\/shop\\\/?s={search_term_string}\"},\"query-input\":{\"@type\":\"PropertyValueSpecification\",\"valueRequired\":true,\"valueName\":\"search_term_string\"}}],\"inLanguage\":\"de\"}]}<\/script>\n<!-- \/ Yoast SEO plugin. -->","yoast_head_json":{"title":"Wertgutschein \"Goldschmiede-Einzelkurs\" - Goldschmiede Biedermann Shop","robots":{"index":"index","follow":"follow","max-snippet":"max-snippet:-1","max-image-preview":"max-image-preview:large","max-video-preview":"max-video-preview:-1"},"canonical":"https:\/\/www.goldschmiede-biedermann.de\/shop\/produkt\/wertgutschein-goldschmiede-einzelkurs\/","og_locale":"de_DE","og_type":"article","og_title":"Wertgutschein \"Goldschmiede-Einzelkurs\" - Goldschmiede Biedermann Shop","og_description":"Gutschein f\u00fcr einen Goldschmiede-Einzelkurs.","og_url":"https:\/\/www.goldschmiede-biedermann.de\/shop\/produkt\/wertgutschein-goldschmiede-einzelkurs\/","og_site_name":"Goldschmiede Biedermann Shop","article_modified_time":"2025-11-27T08:32:08+00:00","og_image":[{"width":640,"height":427,"url":"https:\/\/www.goldschmiede-biedermann.de\/shop\/wp-content\/uploads\/2021\/12\/Schmuckgutschein-Goldschmiede-Biedermann-Frontansicht.jpg","type":"image\/jpeg"}],"twitter_card":"summary_large_image","twitter_misc":{"Gesch\u00e4tzte Lesezeit":"1\u00a0Minute"},"schema":{"@context":"https:\/\/schema.org","@graph":[{"@type":"WebPage","@id":"https:\/\/www.goldschmiede-biedermann.de\/shop\/produkt\/wertgutschein-goldschmiede-einzelkurs\/","url":"https:\/\/www.goldschmiede-biedermann.de\/shop\/produkt\/wertgutschein-goldschmiede-einzelkurs\/","name":"Wertgutschein \"Goldschmiede-Einzelkurs\" - Goldschmiede Biedermann Shop","isPartOf":{"@id":"https:\/\/www.goldschmiede-biedermann.de\/shop\/#website"},"primaryImageOfPage":{"@id":"https:\/\/www.goldschmiede-biedermann.de\/shop\/produkt\/wertgutschein-goldschmiede-einzelkurs\/#primaryimage"},"image":{"@id":"https:\/\/www.goldschmiede-biedermann.de\/shop\/produkt\/wertgutschein-goldschmiede-einzelkurs\/#primaryimage"},"thumbnailUrl":"https:\/\/www.goldschmiede-biedermann.de\/shop\/wp-content\/uploads\/2021\/12\/Schmuckgutschein-Goldschmiede-Biedermann-Frontansicht.jpg","datePublished":"2025-04-15T07:16:39+00:00","dateModified":"2025-11-27T08:32:08+00:00","breadcrumb":{"@id":"https:\/\/www.goldschmiede-biedermann.de\/shop\/produkt\/wertgutschein-goldschmiede-einzelkurs\/#breadcrumb"},"inLanguage":"de","potentialAction":[{"@type":"ReadAction","target":["https:\/\/www.goldschmiede-biedermann.de\/shop\/produkt\/wertgutschein-goldschmiede-einzelkurs\/"]}]},{"@type":"ImageObject","inLanguage":"de","@id":"https:\/\/www.goldschmiede-biedermann.de\/shop\/produkt\/wertgutschein-goldschmiede-einzelkurs\/#primaryimage","url":"https:\/\/www.goldschmiede-biedermann.de\/shop\/wp-content\/uploads\/2021\/12\/Schmuckgutschein-Goldschmiede-Biedermann-Frontansicht.jpg","contentUrl":"https:\/\/www.goldschmiede-biedermann.de\/shop\/wp-content\/uploads\/2021\/12\/Schmuckgutschein-Goldschmiede-Biedermann-Frontansicht.jpg","width":640,"height":427,"caption":"Schmuckgutschein-Goldschmiede-Biedermann-Frontansicht"},{"@type":"BreadcrumbList","@id":"https:\/\/www.goldschmiede-biedermann.de\/shop\/produkt\/wertgutschein-goldschmiede-einzelkurs\/#breadcrumb","itemListElement":[{"@type":"ListItem","position":1,"name":"Startseite","item":"https:\/\/www.goldschmiede-biedermann.de\/shop\/"},{"@type":"ListItem","position":2,"name":"Startseite","item":"https:\/\/www.goldschmiede-biedermann.de\/shop\/"},{"@type":"ListItem","position":3,"name":"Wertgutschein &#8222;Goldschmiede-Einzelkurs&#8220;"}]},{"@type":"WebSite","@id":"https:\/\/www.goldschmiede-biedermann.de\/shop\/#website","url":"https:\/\/www.goldschmiede-biedermann.de\/shop\/","name":"Goldschmiede Biedermann Shop","description":"","potentialAction":[{"@type":"SearchAction","target":{"@type":"EntryPoint","urlTemplate":"https:\/\/www.goldschmiede-biedermann.de\/shop\/?s={search_term_string}"},"query-input":{"@type":"PropertyValueSpecification","valueRequired":true,"valueName":"search_term_string"}}],"inLanguage":"de"}]}},"_links":{"self":[{"href":"https:\/\/www.goldschmiede-biedermann.de\/shop\/wp-json\/wp\/v2\/product\/1761","targetHints":{"allow":["GET"]}}],"collection":[{"href":"https:\/\/www.goldschmiede-biedermann.de\/shop\/wp-json\/wp\/v2\/product"}],"about":[{"href":"https:\/\/www.goldschmiede-biedermann.de\/shop\/wp-json\/wp\/v2\/types\/product"}],"replies":[{"embeddable":true,"href":"https:\/\/www.goldschmiede-biedermann.de\/shop\/wp-json\/wp\/v2\/comments?post=1761"}],"wp:featuredmedia":[{"embeddable":true,"href":"https:\/\/www.goldschmiede-biedermann.de\/shop\/wp-json\/wp\/v2\/media\/1196"}],"wp:attachment":[{"href":"https:\/\/www.goldschmiede-biedermann.de\/shop\/wp-json\/wp\/v2\/media?parent=1761"}],"wp:term":[{"taxonomy":"product_brand","embeddable":true,"href":"https:\/\/www.goldschmiede-biedermann.de\/shop\/wp-json\/wp\/v2\/product_brand?post=1761"},{"taxonomy":"product_cat","embeddable":true,"href":"https:\/\/www.goldschmiede-biedermann.de\/shop\/wp-json\/wp\/v2\/product_cat?post=1761"},{"taxonomy":"product_tag","embeddable":true,"href":"https:\/\/www.goldschmiede-biedermann.de\/shop\/wp-json\/wp\/v2\/product_tag?post=1761"}],"curies":[{"name":"wp","href":"https:\/\/api.w.org\/{rel}","templated":true}]}}