{"id":606,"date":"2021-07-22T11:42:37","date_gmt":"2021-07-22T09:42:37","guid":{"rendered":"https:\/\/www.goldschmiede-biedermann.de\/shop\/?post_type=product&#038;p=606"},"modified":"2023-04-05T09:32:28","modified_gmt":"2023-04-05T07:32:28","slug":"engel-anhaenger-kleiner-mond","status":"publish","type":"product","link":"https:\/\/www.goldschmiede-biedermann.de\/shop\/produkt\/engel-anhaenger-kleiner-mond\/","title":{"rendered":"Engel-Anh\u00e4nger &#8222;Kleiner Mond&#8220; in Gold"},"content":{"rendered":"<p>Ein Gl\u00fccksEngel in 585er Gelb- und Wei\u00dfgold an einem Gelbgoldkettchen als perfekter Begleiter f\u00fcr jeden Tag.<\/p>\n<p>Eine passende Kette liefern wir Ihnen auf Wunsch gegen Aufpreis gerne mit. Sprechen Sie uns dazu einfach an.<\/p>\n<p>Gr\u00f6\u00dfe ca. 12 mm<\/p>\n","protected":false},"excerpt":{"rendered":"<p>Ein Gl\u00fccksEngel in 585er Gelb- und Wei\u00dfgold an einem Gelbgoldkettchen als perfekter Begleiter f\u00fcr jeden Tag. Eine passende Kette liefern  [&#8230;]<\/p>\n","protected":false},"featured_media":938,"comment_status":"closed","ping_status":"closed","template":"","meta":[],"product_brand":[],"product_cat":[65,56],"product_tag":[],"class_list":{"0":"post-606","1":"product","2":"type-product","3":"status-publish","4":"has-post-thumbnail","6":"product_cat-engel","7":"product_cat-halsschmuck","8":"pa_material-585-er-gelbgold","9":"pa_material-585-er-weissgold","11":"first","12":"instock","13":"taxable","14":"shipping-taxable","15":"purchasable","16":"product-type-simple"},"yoast_head":"<!-- This site is optimized with the Yoast SEO plugin v27.4 - https:\/\/yoast.com\/product\/yoast-seo-wordpress\/ -->\n<title>Engel-Anh\u00e4nger &quot;Kleiner Mond&quot; in Gold - Goldschmiede Biedermann Shop<\/title>\n<meta name=\"robots\" content=\"index, follow, max-snippet:-1, max-image-preview:large, max-video-preview:-1\" \/>\n<link rel=\"canonical\" href=\"https:\/\/www.goldschmiede-biedermann.de\/shop\/produkt\/engel-anhaenger-kleiner-mond\/\" \/>\n<meta property=\"og:locale\" content=\"de_DE\" \/>\n<meta property=\"og:type\" content=\"article\" \/>\n<meta property=\"og:title\" content=\"Engel-Anh\u00e4nger &quot;Kleiner Mond&quot; in Gold - Goldschmiede Biedermann Shop\" \/>\n<meta property=\"og:description\" content=\"Ein Gl\u00fccksEngel in 585er Gelb- und Wei\u00dfgold an einem Gelbgoldkettchen als perfekter Begleiter f\u00fcr jeden Tag. Eine passende Kette liefern [...]\" \/>\n<meta property=\"og:url\" content=\"https:\/\/www.goldschmiede-biedermann.de\/shop\/produkt\/engel-anhaenger-kleiner-mond\/\" \/>\n<meta property=\"og:site_name\" content=\"Goldschmiede Biedermann Shop\" \/>\n<meta property=\"article:modified_time\" content=\"2023-04-05T07:32:28+00:00\" \/>\n<meta property=\"og:image\" content=\"https:\/\/www.goldschmiede-biedermann.de\/shop\/wp-content\/uploads\/2021\/11\/Engel-Gluecksbringer-Gold-585-handgemacht_Goldschmiede-Biedermann.jpeg\" \/>\n\t<meta property=\"og:image:width\" content=\"1200\" \/>\n\t<meta property=\"og:image:height\" content=\"800\" \/>\n\t<meta property=\"og:image:type\" content=\"image\/jpeg\" \/>\n<meta name=\"twitter:card\" content=\"summary_large_image\" \/>\n<meta name=\"twitter:label1\" content=\"Gesch\u00e4tzte Lesezeit\" \/>\n\t<meta name=\"twitter:data1\" content=\"1\u00a0Minute\" \/>\n<script type=\"application\/ld+json\" class=\"yoast-schema-graph\">{\"@context\":\"https:\\\/\\\/schema.org\",\"@graph\":[{\"@type\":\"WebPage\",\"@id\":\"https:\\\/\\\/www.goldschmiede-biedermann.de\\\/shop\\\/produkt\\\/engel-anhaenger-kleiner-mond\\\/\",\"url\":\"https:\\\/\\\/www.goldschmiede-biedermann.de\\\/shop\\\/produkt\\\/engel-anhaenger-kleiner-mond\\\/\",\"name\":\"Engel-Anh\u00e4nger \\\"Kleiner Mond\\\" in Gold - Goldschmiede Biedermann Shop\",\"isPartOf\":{\"@id\":\"https:\\\/\\\/www.goldschmiede-biedermann.de\\\/shop\\\/#website\"},\"primaryImageOfPage\":{\"@id\":\"https:\\\/\\\/www.goldschmiede-biedermann.de\\\/shop\\\/produkt\\\/engel-anhaenger-kleiner-mond\\\/#primaryimage\"},\"image\":{\"@id\":\"https:\\\/\\\/www.goldschmiede-biedermann.de\\\/shop\\\/produkt\\\/engel-anhaenger-kleiner-mond\\\/#primaryimage\"},\"thumbnailUrl\":\"https:\\\/\\\/www.goldschmiede-biedermann.de\\\/shop\\\/wp-content\\\/uploads\\\/2021\\\/11\\\/Engel-Gluecksbringer-Gold-585-handgemacht_Goldschmiede-Biedermann.jpeg\",\"datePublished\":\"2021-07-22T09:42:37+00:00\",\"dateModified\":\"2023-04-05T07:32:28+00:00\",\"breadcrumb\":{\"@id\":\"https:\\\/\\\/www.goldschmiede-biedermann.de\\\/shop\\\/produkt\\\/engel-anhaenger-kleiner-mond\\\/#breadcrumb\"},\"inLanguage\":\"de\",\"potentialAction\":[{\"@type\":\"ReadAction\",\"target\":[\"https:\\\/\\\/www.goldschmiede-biedermann.de\\\/shop\\\/produkt\\\/engel-anhaenger-kleiner-mond\\\/\"]}]},{\"@type\":\"ImageObject\",\"inLanguage\":\"de\",\"@id\":\"https:\\\/\\\/www.goldschmiede-biedermann.de\\\/shop\\\/produkt\\\/engel-anhaenger-kleiner-mond\\\/#primaryimage\",\"url\":\"https:\\\/\\\/www.goldschmiede-biedermann.de\\\/shop\\\/wp-content\\\/uploads\\\/2021\\\/11\\\/Engel-Gluecksbringer-Gold-585-handgemacht_Goldschmiede-Biedermann.jpeg\",\"contentUrl\":\"https:\\\/\\\/www.goldschmiede-biedermann.de\\\/shop\\\/wp-content\\\/uploads\\\/2021\\\/11\\\/Engel-Gluecksbringer-Gold-585-handgemacht_Goldschmiede-Biedermann.jpeg\",\"width\":1200,\"height\":800},{\"@type\":\"BreadcrumbList\",\"@id\":\"https:\\\/\\\/www.goldschmiede-biedermann.de\\\/shop\\\/produkt\\\/engel-anhaenger-kleiner-mond\\\/#breadcrumb\",\"itemListElement\":[{\"@type\":\"ListItem\",\"position\":1,\"name\":\"Startseite\",\"item\":\"https:\\\/\\\/www.goldschmiede-biedermann.de\\\/shop\\\/\"},{\"@type\":\"ListItem\",\"position\":2,\"name\":\"Startseite\",\"item\":\"https:\\\/\\\/www.goldschmiede-biedermann.de\\\/shop\\\/\"},{\"@type\":\"ListItem\",\"position\":3,\"name\":\"Engel-Anh\u00e4nger &#8222;Kleiner Mond&#8220; in Gold\"}]},{\"@type\":\"WebSite\",\"@id\":\"https:\\\/\\\/www.goldschmiede-biedermann.de\\\/shop\\\/#website\",\"url\":\"https:\\\/\\\/www.goldschmiede-biedermann.de\\\/shop\\\/\",\"name\":\"Goldschmiede Biedermann Shop\",\"description\":\"\",\"potentialAction\":[{\"@type\":\"SearchAction\",\"target\":{\"@type\":\"EntryPoint\",\"urlTemplate\":\"https:\\\/\\\/www.goldschmiede-biedermann.de\\\/shop\\\/?s={search_term_string}\"},\"query-input\":{\"@type\":\"PropertyValueSpecification\",\"valueRequired\":true,\"valueName\":\"search_term_string\"}}],\"inLanguage\":\"de\"}]}<\/script>\n<!-- \/ Yoast SEO plugin. -->","yoast_head_json":{"title":"Engel-Anh\u00e4nger \"Kleiner Mond\" in Gold - Goldschmiede Biedermann Shop","robots":{"index":"index","follow":"follow","max-snippet":"max-snippet:-1","max-image-preview":"max-image-preview:large","max-video-preview":"max-video-preview:-1"},"canonical":"https:\/\/www.goldschmiede-biedermann.de\/shop\/produkt\/engel-anhaenger-kleiner-mond\/","og_locale":"de_DE","og_type":"article","og_title":"Engel-Anh\u00e4nger \"Kleiner Mond\" in Gold - Goldschmiede Biedermann Shop","og_description":"Ein Gl\u00fccksEngel in 585er Gelb- und Wei\u00dfgold an einem Gelbgoldkettchen als perfekter Begleiter f\u00fcr jeden Tag. Eine passende Kette liefern [...]","og_url":"https:\/\/www.goldschmiede-biedermann.de\/shop\/produkt\/engel-anhaenger-kleiner-mond\/","og_site_name":"Goldschmiede Biedermann Shop","article_modified_time":"2023-04-05T07:32:28+00:00","og_image":[{"width":1200,"height":800,"url":"https:\/\/www.goldschmiede-biedermann.de\/shop\/wp-content\/uploads\/2021\/11\/Engel-Gluecksbringer-Gold-585-handgemacht_Goldschmiede-Biedermann.jpeg","type":"image\/jpeg"}],"twitter_card":"summary_large_image","twitter_misc":{"Gesch\u00e4tzte Lesezeit":"1\u00a0Minute"},"schema":{"@context":"https:\/\/schema.org","@graph":[{"@type":"WebPage","@id":"https:\/\/www.goldschmiede-biedermann.de\/shop\/produkt\/engel-anhaenger-kleiner-mond\/","url":"https:\/\/www.goldschmiede-biedermann.de\/shop\/produkt\/engel-anhaenger-kleiner-mond\/","name":"Engel-Anh\u00e4nger \"Kleiner Mond\" in Gold - Goldschmiede Biedermann Shop","isPartOf":{"@id":"https:\/\/www.goldschmiede-biedermann.de\/shop\/#website"},"primaryImageOfPage":{"@id":"https:\/\/www.goldschmiede-biedermann.de\/shop\/produkt\/engel-anhaenger-kleiner-mond\/#primaryimage"},"image":{"@id":"https:\/\/www.goldschmiede-biedermann.de\/shop\/produkt\/engel-anhaenger-kleiner-mond\/#primaryimage"},"thumbnailUrl":"https:\/\/www.goldschmiede-biedermann.de\/shop\/wp-content\/uploads\/2021\/11\/Engel-Gluecksbringer-Gold-585-handgemacht_Goldschmiede-Biedermann.jpeg","datePublished":"2021-07-22T09:42:37+00:00","dateModified":"2023-04-05T07:32:28+00:00","breadcrumb":{"@id":"https:\/\/www.goldschmiede-biedermann.de\/shop\/produkt\/engel-anhaenger-kleiner-mond\/#breadcrumb"},"inLanguage":"de","potentialAction":[{"@type":"ReadAction","target":["https:\/\/www.goldschmiede-biedermann.de\/shop\/produkt\/engel-anhaenger-kleiner-mond\/"]}]},{"@type":"ImageObject","inLanguage":"de","@id":"https:\/\/www.goldschmiede-biedermann.de\/shop\/produkt\/engel-anhaenger-kleiner-mond\/#primaryimage","url":"https:\/\/www.goldschmiede-biedermann.de\/shop\/wp-content\/uploads\/2021\/11\/Engel-Gluecksbringer-Gold-585-handgemacht_Goldschmiede-Biedermann.jpeg","contentUrl":"https:\/\/www.goldschmiede-biedermann.de\/shop\/wp-content\/uploads\/2021\/11\/Engel-Gluecksbringer-Gold-585-handgemacht_Goldschmiede-Biedermann.jpeg","width":1200,"height":800},{"@type":"BreadcrumbList","@id":"https:\/\/www.goldschmiede-biedermann.de\/shop\/produkt\/engel-anhaenger-kleiner-mond\/#breadcrumb","itemListElement":[{"@type":"ListItem","position":1,"name":"Startseite","item":"https:\/\/www.goldschmiede-biedermann.de\/shop\/"},{"@type":"ListItem","position":2,"name":"Startseite","item":"https:\/\/www.goldschmiede-biedermann.de\/shop\/"},{"@type":"ListItem","position":3,"name":"Engel-Anh\u00e4nger &#8222;Kleiner Mond&#8220; in Gold"}]},{"@type":"WebSite","@id":"https:\/\/www.goldschmiede-biedermann.de\/shop\/#website","url":"https:\/\/www.goldschmiede-biedermann.de\/shop\/","name":"Goldschmiede Biedermann Shop","description":"","potentialAction":[{"@type":"SearchAction","target":{"@type":"EntryPoint","urlTemplate":"https:\/\/www.goldschmiede-biedermann.de\/shop\/?s={search_term_string}"},"query-input":{"@type":"PropertyValueSpecification","valueRequired":true,"valueName":"search_term_string"}}],"inLanguage":"de"}]}},"_links":{"self":[{"href":"https:\/\/www.goldschmiede-biedermann.de\/shop\/wp-json\/wp\/v2\/product\/606","targetHints":{"allow":["GET"]}}],"collection":[{"href":"https:\/\/www.goldschmiede-biedermann.de\/shop\/wp-json\/wp\/v2\/product"}],"about":[{"href":"https:\/\/www.goldschmiede-biedermann.de\/shop\/wp-json\/wp\/v2\/types\/product"}],"replies":[{"embeddable":true,"href":"https:\/\/www.goldschmiede-biedermann.de\/shop\/wp-json\/wp\/v2\/comments?post=606"}],"wp:featuredmedia":[{"embeddable":true,"href":"https:\/\/www.goldschmiede-biedermann.de\/shop\/wp-json\/wp\/v2\/media\/938"}],"wp:attachment":[{"href":"https:\/\/www.goldschmiede-biedermann.de\/shop\/wp-json\/wp\/v2\/media?parent=606"}],"wp:term":[{"taxonomy":"product_brand","embeddable":true,"href":"https:\/\/www.goldschmiede-biedermann.de\/shop\/wp-json\/wp\/v2\/product_brand?post=606"},{"taxonomy":"product_cat","embeddable":true,"href":"https:\/\/www.goldschmiede-biedermann.de\/shop\/wp-json\/wp\/v2\/product_cat?post=606"},{"taxonomy":"product_tag","embeddable":true,"href":"https:\/\/www.goldschmiede-biedermann.de\/shop\/wp-json\/wp\/v2\/product_tag?post=606"}],"curies":[{"name":"wp","href":"https:\/\/api.w.org\/{rel}","templated":true}]}}