{"id":832,"date":"2021-11-19T15:18:50","date_gmt":"2021-11-19T14:18:50","guid":{"rendered":"https:\/\/www.goldschmiede-biedermann.de\/shop\/?post_type=product&#038;p=832"},"modified":"2025-09-13T08:38:50","modified_gmt":"2025-09-13T06:38:50","slug":"bandring-goldspirale","status":"publish","type":"product","link":"https:\/\/www.goldschmiede-biedermann.de\/shop\/produkt\/bandring-goldspirale\/","title":{"rendered":"Bandring \u201eGoldSpirale\u201c"},"content":{"rendered":"<p>Handgeschmiedeter breiter Bandring aus 925er Silber, kugelgeh\u00e4mmert mit einer Spirale aus 585er Gelbgold.<\/p>\n<p>Ein besonderes Schmuckst\u00fcck f\u00fcr jeden Tag.<\/p>\n<p>Ringbreite: 10 mm<\/p>\n<p>&nbsp;<\/p>\n<p>&nbsp;<\/p>\n<p>&nbsp;<\/p>\n<p>&nbsp;<\/p>\n<p>&nbsp;<\/p>\n<p>&nbsp;<\/p>\n<p>&nbsp;<\/p>\n","protected":false},"excerpt":{"rendered":"<p>Handgeschmiedeter breiter Bandring aus 925er Silber, kugelgeh\u00e4mmert mit einer Spirale aus 585er Gelbgold. Ein besonderes Schmuckst\u00fcck f\u00fcr jeden Tag. Ringbreite:  [&#8230;]<\/p>\n","protected":false},"featured_media":875,"comment_status":"closed","ping_status":"closed","template":"","meta":[],"product_brand":[],"product_cat":[54,61],"product_tag":[],"class_list":{"0":"post-832","1":"product","2":"type-product","3":"status-publish","4":"has-post-thumbnail","6":"product_cat-ringe","7":"product_cat-spiralen","8":"pa_material-585-er-gelbgold","9":"pa_material-925-er-silber","11":"first","12":"instock","13":"taxable","14":"shipping-taxable","15":"purchasable","16":"product-type-simple"},"yoast_head":"<!-- This site is optimized with the Yoast SEO plugin v27.5 - https:\/\/yoast.com\/product\/yoast-seo-wordpress\/ -->\n<title>Bandring \u201eGoldSpirale\u201c - Goldschmiede Biedermann Shop<\/title>\n<meta name=\"robots\" content=\"index, follow, max-snippet:-1, max-image-preview:large, max-video-preview:-1\" \/>\n<link rel=\"canonical\" href=\"https:\/\/www.goldschmiede-biedermann.de\/shop\/produkt\/bandring-goldspirale\/\" \/>\n<meta property=\"og:locale\" content=\"de_DE\" \/>\n<meta property=\"og:type\" content=\"article\" \/>\n<meta property=\"og:title\" content=\"Bandring \u201eGoldSpirale\u201c - Goldschmiede Biedermann Shop\" \/>\n<meta property=\"og:description\" content=\"Handgeschmiedeter breiter Bandring aus 925er Silber, kugelgeh\u00e4mmert mit einer Spirale aus 585er Gelbgold. Ein besonderes Schmuckst\u00fcck f\u00fcr jeden Tag. Ringbreite: [...]\" \/>\n<meta property=\"og:url\" content=\"https:\/\/www.goldschmiede-biedermann.de\/shop\/produkt\/bandring-goldspirale\/\" \/>\n<meta property=\"og:site_name\" content=\"Goldschmiede Biedermann Shop\" \/>\n<meta property=\"article:modified_time\" content=\"2025-09-13T06:38:50+00:00\" \/>\n<meta property=\"og:image\" content=\"https:\/\/www.goldschmiede-biedermann.de\/shop\/wp-content\/uploads\/2021\/11\/Ring-Silber-925-Gold-585-Schnecke-geschmiedet-rundgeschmiedet-Kugelhammer-handgemacht_Goldschmiede-Biedermann.jpeg\" \/>\n\t<meta property=\"og:image:width\" content=\"1200\" \/>\n\t<meta property=\"og:image:height\" content=\"800\" \/>\n\t<meta property=\"og:image:type\" content=\"image\/jpeg\" \/>\n<meta name=\"twitter:card\" content=\"summary_large_image\" \/>\n<meta name=\"twitter:label1\" content=\"Gesch\u00e4tzte Lesezeit\" \/>\n\t<meta name=\"twitter:data1\" content=\"1\u00a0Minute\" \/>\n<script type=\"application\/ld+json\" class=\"yoast-schema-graph\">{\"@context\":\"https:\\\/\\\/schema.org\",\"@graph\":[{\"@type\":\"WebPage\",\"@id\":\"https:\\\/\\\/www.goldschmiede-biedermann.de\\\/shop\\\/produkt\\\/bandring-goldspirale\\\/\",\"url\":\"https:\\\/\\\/www.goldschmiede-biedermann.de\\\/shop\\\/produkt\\\/bandring-goldspirale\\\/\",\"name\":\"Bandring \u201eGoldSpirale\u201c - Goldschmiede Biedermann Shop\",\"isPartOf\":{\"@id\":\"https:\\\/\\\/www.goldschmiede-biedermann.de\\\/shop\\\/#website\"},\"primaryImageOfPage\":{\"@id\":\"https:\\\/\\\/www.goldschmiede-biedermann.de\\\/shop\\\/produkt\\\/bandring-goldspirale\\\/#primaryimage\"},\"image\":{\"@id\":\"https:\\\/\\\/www.goldschmiede-biedermann.de\\\/shop\\\/produkt\\\/bandring-goldspirale\\\/#primaryimage\"},\"thumbnailUrl\":\"https:\\\/\\\/www.goldschmiede-biedermann.de\\\/shop\\\/wp-content\\\/uploads\\\/2021\\\/11\\\/Ring-Silber-925-Gold-585-Schnecke-geschmiedet-rundgeschmiedet-Kugelhammer-handgemacht_Goldschmiede-Biedermann.jpeg\",\"datePublished\":\"2021-11-19T14:18:50+00:00\",\"dateModified\":\"2025-09-13T06:38:50+00:00\",\"breadcrumb\":{\"@id\":\"https:\\\/\\\/www.goldschmiede-biedermann.de\\\/shop\\\/produkt\\\/bandring-goldspirale\\\/#breadcrumb\"},\"inLanguage\":\"de\",\"potentialAction\":[{\"@type\":\"ReadAction\",\"target\":[\"https:\\\/\\\/www.goldschmiede-biedermann.de\\\/shop\\\/produkt\\\/bandring-goldspirale\\\/\"]}]},{\"@type\":\"ImageObject\",\"inLanguage\":\"de\",\"@id\":\"https:\\\/\\\/www.goldschmiede-biedermann.de\\\/shop\\\/produkt\\\/bandring-goldspirale\\\/#primaryimage\",\"url\":\"https:\\\/\\\/www.goldschmiede-biedermann.de\\\/shop\\\/wp-content\\\/uploads\\\/2021\\\/11\\\/Ring-Silber-925-Gold-585-Schnecke-geschmiedet-rundgeschmiedet-Kugelhammer-handgemacht_Goldschmiede-Biedermann.jpeg\",\"contentUrl\":\"https:\\\/\\\/www.goldschmiede-biedermann.de\\\/shop\\\/wp-content\\\/uploads\\\/2021\\\/11\\\/Ring-Silber-925-Gold-585-Schnecke-geschmiedet-rundgeschmiedet-Kugelhammer-handgemacht_Goldschmiede-Biedermann.jpeg\",\"width\":1200,\"height\":800,\"caption\":\"Ring-Silber-925-Gold-750-Lapislazuli-handgemacht_Goldschmiede-BiRing-Silber-925-G\u00e5\u00e7old-585-Schnecke-geschmiedet-rundgeschmiedet-Kugelhammer-handgemacht_Goldschmiede-Biedermannedermann\"},{\"@type\":\"BreadcrumbList\",\"@id\":\"https:\\\/\\\/www.goldschmiede-biedermann.de\\\/shop\\\/produkt\\\/bandring-goldspirale\\\/#breadcrumb\",\"itemListElement\":[{\"@type\":\"ListItem\",\"position\":1,\"name\":\"Startseite\",\"item\":\"https:\\\/\\\/www.goldschmiede-biedermann.de\\\/shop\\\/\"},{\"@type\":\"ListItem\",\"position\":2,\"name\":\"Startseite\",\"item\":\"https:\\\/\\\/www.goldschmiede-biedermann.de\\\/shop\\\/\"},{\"@type\":\"ListItem\",\"position\":3,\"name\":\"Bandring \u201eGoldSpirale\u201c\"}]},{\"@type\":\"WebSite\",\"@id\":\"https:\\\/\\\/www.goldschmiede-biedermann.de\\\/shop\\\/#website\",\"url\":\"https:\\\/\\\/www.goldschmiede-biedermann.de\\\/shop\\\/\",\"name\":\"Goldschmiede Biedermann Shop\",\"description\":\"\",\"potentialAction\":[{\"@type\":\"SearchAction\",\"target\":{\"@type\":\"EntryPoint\",\"urlTemplate\":\"https:\\\/\\\/www.goldschmiede-biedermann.de\\\/shop\\\/?s={search_term_string}\"},\"query-input\":{\"@type\":\"PropertyValueSpecification\",\"valueRequired\":true,\"valueName\":\"search_term_string\"}}],\"inLanguage\":\"de\"}]}<\/script>\n<!-- \/ Yoast SEO plugin. -->","yoast_head_json":{"title":"Bandring \u201eGoldSpirale\u201c - Goldschmiede Biedermann Shop","robots":{"index":"index","follow":"follow","max-snippet":"max-snippet:-1","max-image-preview":"max-image-preview:large","max-video-preview":"max-video-preview:-1"},"canonical":"https:\/\/www.goldschmiede-biedermann.de\/shop\/produkt\/bandring-goldspirale\/","og_locale":"de_DE","og_type":"article","og_title":"Bandring \u201eGoldSpirale\u201c - Goldschmiede Biedermann Shop","og_description":"Handgeschmiedeter breiter Bandring aus 925er Silber, kugelgeh\u00e4mmert mit einer Spirale aus 585er Gelbgold. Ein besonderes Schmuckst\u00fcck f\u00fcr jeden Tag. Ringbreite: [...]","og_url":"https:\/\/www.goldschmiede-biedermann.de\/shop\/produkt\/bandring-goldspirale\/","og_site_name":"Goldschmiede Biedermann Shop","article_modified_time":"2025-09-13T06:38:50+00:00","og_image":[{"width":1200,"height":800,"url":"https:\/\/www.goldschmiede-biedermann.de\/shop\/wp-content\/uploads\/2021\/11\/Ring-Silber-925-Gold-585-Schnecke-geschmiedet-rundgeschmiedet-Kugelhammer-handgemacht_Goldschmiede-Biedermann.jpeg","type":"image\/jpeg"}],"twitter_card":"summary_large_image","twitter_misc":{"Gesch\u00e4tzte Lesezeit":"1\u00a0Minute"},"schema":{"@context":"https:\/\/schema.org","@graph":[{"@type":"WebPage","@id":"https:\/\/www.goldschmiede-biedermann.de\/shop\/produkt\/bandring-goldspirale\/","url":"https:\/\/www.goldschmiede-biedermann.de\/shop\/produkt\/bandring-goldspirale\/","name":"Bandring \u201eGoldSpirale\u201c - Goldschmiede Biedermann Shop","isPartOf":{"@id":"https:\/\/www.goldschmiede-biedermann.de\/shop\/#website"},"primaryImageOfPage":{"@id":"https:\/\/www.goldschmiede-biedermann.de\/shop\/produkt\/bandring-goldspirale\/#primaryimage"},"image":{"@id":"https:\/\/www.goldschmiede-biedermann.de\/shop\/produkt\/bandring-goldspirale\/#primaryimage"},"thumbnailUrl":"https:\/\/www.goldschmiede-biedermann.de\/shop\/wp-content\/uploads\/2021\/11\/Ring-Silber-925-Gold-585-Schnecke-geschmiedet-rundgeschmiedet-Kugelhammer-handgemacht_Goldschmiede-Biedermann.jpeg","datePublished":"2021-11-19T14:18:50+00:00","dateModified":"2025-09-13T06:38:50+00:00","breadcrumb":{"@id":"https:\/\/www.goldschmiede-biedermann.de\/shop\/produkt\/bandring-goldspirale\/#breadcrumb"},"inLanguage":"de","potentialAction":[{"@type":"ReadAction","target":["https:\/\/www.goldschmiede-biedermann.de\/shop\/produkt\/bandring-goldspirale\/"]}]},{"@type":"ImageObject","inLanguage":"de","@id":"https:\/\/www.goldschmiede-biedermann.de\/shop\/produkt\/bandring-goldspirale\/#primaryimage","url":"https:\/\/www.goldschmiede-biedermann.de\/shop\/wp-content\/uploads\/2021\/11\/Ring-Silber-925-Gold-585-Schnecke-geschmiedet-rundgeschmiedet-Kugelhammer-handgemacht_Goldschmiede-Biedermann.jpeg","contentUrl":"https:\/\/www.goldschmiede-biedermann.de\/shop\/wp-content\/uploads\/2021\/11\/Ring-Silber-925-Gold-585-Schnecke-geschmiedet-rundgeschmiedet-Kugelhammer-handgemacht_Goldschmiede-Biedermann.jpeg","width":1200,"height":800,"caption":"Ring-Silber-925-Gold-750-Lapislazuli-handgemacht_Goldschmiede-BiRing-Silber-925-G\u00e5\u00e7old-585-Schnecke-geschmiedet-rundgeschmiedet-Kugelhammer-handgemacht_Goldschmiede-Biedermannedermann"},{"@type":"BreadcrumbList","@id":"https:\/\/www.goldschmiede-biedermann.de\/shop\/produkt\/bandring-goldspirale\/#breadcrumb","itemListElement":[{"@type":"ListItem","position":1,"name":"Startseite","item":"https:\/\/www.goldschmiede-biedermann.de\/shop\/"},{"@type":"ListItem","position":2,"name":"Startseite","item":"https:\/\/www.goldschmiede-biedermann.de\/shop\/"},{"@type":"ListItem","position":3,"name":"Bandring \u201eGoldSpirale\u201c"}]},{"@type":"WebSite","@id":"https:\/\/www.goldschmiede-biedermann.de\/shop\/#website","url":"https:\/\/www.goldschmiede-biedermann.de\/shop\/","name":"Goldschmiede Biedermann Shop","description":"","potentialAction":[{"@type":"SearchAction","target":{"@type":"EntryPoint","urlTemplate":"https:\/\/www.goldschmiede-biedermann.de\/shop\/?s={search_term_string}"},"query-input":{"@type":"PropertyValueSpecification","valueRequired":true,"valueName":"search_term_string"}}],"inLanguage":"de"}]}},"_links":{"self":[{"href":"https:\/\/www.goldschmiede-biedermann.de\/shop\/wp-json\/wp\/v2\/product\/832","targetHints":{"allow":["GET"]}}],"collection":[{"href":"https:\/\/www.goldschmiede-biedermann.de\/shop\/wp-json\/wp\/v2\/product"}],"about":[{"href":"https:\/\/www.goldschmiede-biedermann.de\/shop\/wp-json\/wp\/v2\/types\/product"}],"replies":[{"embeddable":true,"href":"https:\/\/www.goldschmiede-biedermann.de\/shop\/wp-json\/wp\/v2\/comments?post=832"}],"wp:featuredmedia":[{"embeddable":true,"href":"https:\/\/www.goldschmiede-biedermann.de\/shop\/wp-json\/wp\/v2\/media\/875"}],"wp:attachment":[{"href":"https:\/\/www.goldschmiede-biedermann.de\/shop\/wp-json\/wp\/v2\/media?parent=832"}],"wp:term":[{"taxonomy":"product_brand","embeddable":true,"href":"https:\/\/www.goldschmiede-biedermann.de\/shop\/wp-json\/wp\/v2\/product_brand?post=832"},{"taxonomy":"product_cat","embeddable":true,"href":"https:\/\/www.goldschmiede-biedermann.de\/shop\/wp-json\/wp\/v2\/product_cat?post=832"},{"taxonomy":"product_tag","embeddable":true,"href":"https:\/\/www.goldschmiede-biedermann.de\/shop\/wp-json\/wp\/v2\/product_tag?post=832"}],"curies":[{"name":"wp","href":"https:\/\/api.w.org\/{rel}","templated":true}]}}